{"id":8332,"date":"2018-10-22T13:45:00","date_gmt":"2018-10-22T13:45:00","guid":{"rendered":"https:\/\/otobende.com\/hakkimizda\/"},"modified":"2023-02-23T09:41:17","modified_gmt":"2023-02-23T09:41:17","slug":"about-us","status":"publish","type":"page","link":"https:\/\/otobende.com\/en\/about-us\/","title":{"rendered":"About us"},"content":{"rendered":"<p>[vc_row full_width=&#8221;stretch_row&#8221; css=&#8221;.vc_custom_1652709115887{margin-top: -50px !important;}&#8221;][vc_column][vc_row_inner css=&#8221;.vc_custom_1513720913586{padding-top: 100px !important;padding-right: 100px !important;padding-bottom: 80px !important;padding-left: 100px !important;}&#8221;][vc_column_inner width=&#8221;1\/2&#8243; css=&#8221;.vc_custom_1541584818078{padding-right: 20px !important;}&#8221;]<header class=\"kd-section-title col-lg-12 text-left  kd-animated fadeIn   vc_custom_1676058459098\" data-animation-delay=200><h2 class=\"separator_off\" style=\"font-size: 25px;line-height: 32px;\">Otobende is a new generation automotive application that allows you to get the services you need for your car from a single point without leaving your comfort zone.<\/h2><\/header>[vc_empty_space height=&#8221;20px&#8221;][vc_single_image image=&#8221;7764&#8243; img_size=&#8221;full&#8221; alignment=&#8221;center&#8221; css_animation=&#8221;fadeIn&#8221; css=&#8221;.vc_custom_1652952073702{padding-right: 20px !important;}&#8221;][\/vc_column_inner][vc_column_inner width=&#8221;1\/2&#8243; css=&#8221;.vc_custom_1541584821670{padding-left: 20px !important;}&#8221;][vc_single_image image=&#8221;7762&#8243; img_size=&#8221;full&#8221; alignment=&#8221;center&#8221; css_animation=&#8221;fadeIn&#8221; css=&#8221;.vc_custom_1654101862344{padding-left: 20px !important;}&#8221; el_class=&#8221;mobilehidden&#8221;][vc_empty_space height=&#8221;40px&#8221; el_class=&#8221;mobilehidden&#8221;]<header class=\"kd-section-title col-lg-12 text-left  kd-animated fadeIn mobileleft  vc_custom_1676058484284\" data-animation-delay=200><h2 class=\"separator_off\" style=\"font-size: 25px;line-height: 32px;\">Otobende solves general problems of car owners, such as time losses, non-standard prices, trust issues and the difficulty of tracking the routine procedures.<\/h2><\/header>[\/vc_column_inner][\/vc_row_inner][\/vc_column][\/vc_row][vc_row full_width=&#8221;stretch_row&#8221; css=&#8221;.vc_custom_1540817610015{padding-top: 100px !important;padding-bottom: 100px !important;}&#8221;][vc_column css=&#8221;.vc_custom_1515753185470{padding-right: 0px !important;padding-left: 0px !important;}&#8221;][vc_row_inner][vc_column_inner]<header class=\"kd-section-title vc_col-lg-6 vc_col-sm-8 text-center  kd-animated fadeIn   vc_custom_1676058511595\" data-animation-delay=200><h2 class=\"separator_off\" >Our Founders<\/h2><\/header>[\/vc_column_inner][\/vc_row_inner][vc_row_inner][vc_column_inner width=&#8221;1\/3&#8243; css=&#8221;.vc_custom_1652711448339{padding-right: 20px !important;padding-left: 20px !important;}&#8221;]<div class=\"team-member design-classic   enable-contact-effect\" >\r\n                    <div class=\"team-content\">\r\n                        <div class=\"team-image-overlay\"><\/div>\r\n                        <div class=\"team-image\"><img loading=\"lazy\" decoding=\"async\" width=\"959\" height=\"960\" src=\"https:\/\/otobende.com\/wp-content\/uploads\/2022\/05\/38791661_1421499977993529_6280675687921614848_n.jpeg\" class=\"attachment-full\" alt=\"\" title=\"38791661_1421499977993529_6280675687921614848_n\" srcset=\"https:\/\/otobende.com\/wp-content\/uploads\/2022\/05\/38791661_1421499977993529_6280675687921614848_n.jpeg 959w, https:\/\/otobende.com\/wp-content\/uploads\/2022\/05\/38791661_1421499977993529_6280675687921614848_n-300x300.jpeg 300w, https:\/\/otobende.com\/wp-content\/uploads\/2022\/05\/38791661_1421499977993529_6280675687921614848_n-150x150.jpeg 150w, https:\/\/otobende.com\/wp-content\/uploads\/2022\/05\/38791661_1421499977993529_6280675687921614848_n-768x769.jpeg 768w, https:\/\/otobende.com\/wp-content\/uploads\/2022\/05\/38791661_1421499977993529_6280675687921614848_n-320x320.jpeg 320w, https:\/\/otobende.com\/wp-content\/uploads\/2022\/05\/38791661_1421499977993529_6280675687921614848_n-800x800.jpeg 800w\" sizes=\"(max-width: 959px) 100vw, 959px\" \/><\/div>\r\n                        <div class=\"team-content-text\" >\r\n                        <div class=\"team-content-text-inner\">\r\n                        <h5 >Yi\u011fit Timur<\/h5>\r\n                        <span class=\"team-subtitle\" >CEO, Co-Founder<\/span>\r\n                        <p ><\/p><div class=\"kd-team-contact\"><div class=\"kd-team-email\"><a href=\"mailto:yigit@otobende.com\"><span class=\"fa fa-envelope\"><\/span>yigit@otobende.com<\/a><\/div><\/div><\/div><div class=\"team-socials\"><a href=\"https:\/\/www.instagram.com\/yigittimur\/\" target=\"_blank\" rel=\"noopener\"><span class=\"fab fa-instagram\" ><\/span><\/a><a href=\"https:\/\/www.linkedin.com\/in\/yigit-timur-795514138\/?originalSubdomain=tr\" target=\"_blank\" rel=\"noopener\"><span class=\"fab fa-linkedin-in\" ><\/span><\/a><\/div><\/div>\r\n                    <\/div>\r\n                <\/div>[\/vc_column_inner][vc_column_inner width=&#8221;1\/3&#8243; css=&#8221;.vc_custom_1652711455067{padding-right: 20px !important;padding-left: 20px !important;}&#8221;]<div class=\"team-member design-classic   enable-contact-effect\" >\r\n                    <div class=\"team-content\">\r\n                        <div class=\"team-image-overlay\"><\/div>\r\n                        <div class=\"team-image\"><img loading=\"lazy\" decoding=\"async\" width=\"367\" height=\"366\" src=\"https:\/\/otobende.com\/wp-content\/uploads\/2022\/05\/foto-2.jpeg\" class=\"attachment-full\" alt=\"\" title=\"foto\" srcset=\"https:\/\/otobende.com\/wp-content\/uploads\/2022\/05\/foto-2.jpeg 367w, https:\/\/otobende.com\/wp-content\/uploads\/2022\/05\/foto-2-300x300.jpeg 300w, https:\/\/otobende.com\/wp-content\/uploads\/2022\/05\/foto-2-150x150.jpeg 150w, https:\/\/otobende.com\/wp-content\/uploads\/2022\/05\/foto-2-320x320.jpeg 320w\" sizes=\"(max-width: 367px) 100vw, 367px\" \/><\/div>\r\n                        <div class=\"team-content-text\" >\r\n                        <div class=\"team-content-text-inner\">\r\n                        <h5 >Can G\u00fcne\u015f<\/h5>\r\n                        <span class=\"team-subtitle\" >CFO, Co-Founder<\/span>\r\n                        <p ><\/p><div class=\"kd-team-contact\"><div class=\"kd-team-email\"><a href=\"mailto:can@otobende.com\"><span class=\"fa fa-envelope\"><\/span>can@otobende.com<\/a><\/div><\/div><\/div><div class=\"team-socials\"><a href=\"https:\/\/www.linkedin.com\/in\/can-g%C3%BCne%C5%9F-7993317a\/?originalSubdomain=tr\" target=\"_blank\" rel=\"noopener\"><span class=\"fab fa-linkedin-in\" ><\/span><\/a><\/div><\/div>\r\n                    <\/div>\r\n                <\/div>[\/vc_column_inner][vc_column_inner width=&#8221;1\/3&#8243;][\/vc_column_inner][\/vc_row_inner][\/vc_column][\/vc_row][vc_row full_width=&#8221;stretch_row&#8221; disable_element=&#8221;yes&#8221; css=&#8221;.vc_custom_1653638590772{padding-top: 150px !important;background-color: #f6f8fa !important;}&#8221;][vc_column css=&#8221;.vc_custom_1516029502203{padding-right: 0px !important;padding-left: 0px !important;}&#8221;][vc_row_inner][vc_column_inner]<header class=\"kd-section-title vc_col-lg-6 vc_col-sm-8 text-center  kd-animated fadeIn   vc_custom_1652704165809\" data-animation-delay=200><h2 class=\"separator_off\" >Kullan\u0131c\u0131lar\u0131m\u0131zdan Yorumlar<\/h2><h6 class=\"subtitle \" >Otobende hizmetlerinden faydalanm\u0131\u015f kullan\u0131c\u0131lar\u0131m\u0131zdan ald\u0131\u011f\u0131m\u0131z baz\u0131 geri d\u00f6n\u00fc\u015fler.<\/h6><\/header>[\/vc_column_inner][\/vc_row_inner][vc_row_inner css=&#8221;.vc_custom_1550145349740{padding-bottom: 85px !important;}&#8221;][vc_column_inner css=&#8221;.vc_custom_1516029494833{padding-right: 0px !important;padding-left: 0px !important;}&#8221;]\r\n                <div class=\"review-carousel rc-parent kd-rwc-69d088e30330a black-navigation nav-dots\">\r\n                    <div class=\"rc-content\">\r\n                <div class=\"key-reviews kd-animated fadeInUp \"  ><div class=\"rw-author-details\"><div class=\"rw_img_wrapper\">\r\n                            <div class=\"rw-authorimg\"><img decoding=\"async\" src=\"https:\/\/www.ekko-wp.com\/wp-content\/uploads\/sites\/3\/2018\/10\/testimonial1.jpg\"  \/><\/div>\r\n                        <\/div><h5 >Selin T.<\/h5>\r\n                      <p >\u0130stanbul<\/p>\r\n                    <\/div><div class=\"rw_message\" >Yo\u011fun kurumsal i\u015f hayat\u0131nda yorucu servis s\u00fcre\u00e7lerini \u00fczerinizden alan faydal\u0131 bir uygulama.<\/div><div class=\"rw_rating\">\r\n                         <span class=\"fa fa-star\" style=\"color: #00d2ff;\"><\/span><span class=\"fa fa-star\" style=\"color: #00d2ff;\"><\/span><span class=\"fa fa-star\" style=\"color: #00d2ff;\"><\/span><span class=\"fa fa-star\" style=\"color: #00d2ff;\"><\/span><span class=\"fa fa-star\" style=\"color: #00d2ff;\"><\/span>\r\n                      <\/div><\/div>\r\n                <div class=\"key-reviews kd-animated fadeInUp \"  data-animation-delay=200><div class=\"rw-author-details\"><div class=\"rw_img_wrapper\">\r\n                            <div class=\"rw-authorimg\"><img decoding=\"async\" src=\"https:\/\/www.ekko-wp.com\/wp-content\/uploads\/sites\/3\/2018\/10\/testimonial2.jpg\"  \/><\/div>\r\n                        <\/div><h5 >Berkan \u015e.<\/h5>\r\n                      <p >\u0130stanbul<\/p>\r\n                    <\/div><div class=\"rw_message\" >Otomobilinizle ilgili ihtiya\u00e7lar\u0131n\u0131z\u0131 daha zaman\u0131 gelmeden sizler i\u00e7in hat\u0131rlatan harika bir uygulama.<\/div><div class=\"rw_rating\">\r\n                         <span class=\"fa fa-star\" style=\"color: #00d2ff;\"><\/span><span class=\"fa fa-star\" style=\"color: #00d2ff;\"><\/span><span class=\"fa fa-star\" style=\"color: #00d2ff;\"><\/span><span class=\"fa fa-star\" style=\"color: #00d2ff;\"><\/span><span class=\"fa fa-star\" style=\"color: #00d2ff;\"><\/span>\r\n                      <\/div><\/div>\r\n                <div class=\"key-reviews kd-animated fadeInUp \"  data-animation-delay=400><div class=\"rw-author-details\"><div class=\"rw_img_wrapper\">\r\n                            <div class=\"rw-authorimg\"><img decoding=\"async\" src=\"https:\/\/www.ekko-wp.com\/wp-content\/uploads\/sites\/3\/2018\/10\/testimonial3.jpg\"  \/><\/div>\r\n                        <\/div><h5 >Merve B.<\/h5>\r\n                      <p >\u0130stanbul<\/p>\r\n                    <\/div><div class=\"rw_message\" >Olduk\u00e7a profesyonel bir ekip, t\u00fcm s\u00fcreci titizlikle takip ediyor ve sizi bilgilendiriyorlar.<\/div><div class=\"rw_rating\">\r\n                         <span class=\"fa fa-star\" style=\"color: #00d2ff;\"><\/span><span class=\"fa fa-star\" style=\"color: #00d2ff;\"><\/span><span class=\"fa fa-star\" style=\"color: #00d2ff;\"><\/span><span class=\"fa fa-star\" style=\"color: #00d2ff;\"><\/span><span class=\"fa fa-star\" style=\"color: #00d2ff;\"><\/span>\r\n                      <\/div><\/div><\/div>\r\n                <\/div><script type=\"text\/javascript\">\r\n          \t\t\t\tjQuery(document).ready(function($){\r\n                    if ($(\".review-carousel.kd-rwc-69d088e30330a .rc-content\").length) {\r\n                      $(\".review-carousel.kd-rwc-69d088e30330a .rc-content\").owlCarousel({\r\n                        stageClass: \"owl-wrapper\",\r\n                        stageOuterClass: \"owl-wrapper-outer\",\r\n                        loadedClass: \"owl-carousel\",\r\n                        responsive:{\r\n                            0:{\r\n                                items:1,\r\n                                dots: false,\r\n                                nav: true,\r\n                                navSpeed: 500,\r\n                            },\r\n                            768:{\r\n                                items:2,\r\n                            },\r\n                            1024:{\r\n                                items:3,\r\n                            },\r\n                            1366:{dots: true,\r\n                                  nav: false,\r\n                                  dotsSpeed: 500,\r\n                                  dotsEach: true,}\r\n                        },loop: true,rewind: true,\r\n                        addClassActive: true,\r\n                      });\r\n                    }\r\n          \t\t\t\t});\r\n          \t\t\t<\/script>[\/vc_column_inner][\/vc_row_inner][\/vc_column][\/vc_row][vc_row full_width=&#8221;stretch_row&#8221; kd_fixed_background=&#8221;true&#8221; css=&#8221;.vc_custom_1652777066837{background-color: #00b5e8 !important;background-position: center !important;background-repeat: no-repeat !important;background-size: cover !important;}&#8221; el_id=&#8221;hemen-indir&#8221;][vc_column][vc_row_inner css=&#8221;.vc_custom_1652776878827{padding-top: 120px !important;}&#8221;][vc_column_inner]<header class=\"kd-section-title vc_col-lg-6 vc_col-sm-8 text-center  kd-animated fadeIn  \" data-animation-delay=200><h2 class=\"separator_off\" style=\"color: #ffffff;\">Download Otobende Now!<br \/>\n<\/h2><h6 class=\"subtitle \" style=\"color: #f3f3f3;\">Enjoy the advantageous services and privileges offered for your car!<br \/>\n<\/h6><\/header>[\/vc_column_inner][\/vc_row_inner][vc_row_inner css=&#8221;.vc_custom_1536752703782{margin-top: 20px !important;padding-bottom: 20px !important;}&#8221;][vc_column_inner width=&#8221;1\/2&#8243; css=&#8221;.vc_custom_1555931238516{border-right-width: 5px !important;padding-right: 0px !important;border-right-color: rgba(255,255,255,0) !important;border-right-style: solid !important;}&#8221; offset=&#8221;vc_col-lg-offset-0 vc_col-lg-6 vc_col-xs-6&#8243;][vc_single_image image=&#8221;7531&#8243; img_size=&#8221;full&#8221; alignment=&#8221;right&#8221; onclick=&#8221;custom_link&#8221; img_link_target=&#8221;_blank&#8221; link=&#8221;https:\/\/apps.apple.com\/tr\/app\/otobende\/id1613165071&#8243;][\/vc_column_inner][vc_column_inner width=&#8221;1\/2&#8243; css=&#8221;.vc_custom_1555931261668{border-left-width: 5px !important;padding-left: 0px !important;border-left-color: rgba(255,255,255,0.01) !important;border-left-style: solid !important;}&#8221; offset=&#8221;vc_col-lg-6 vc_col-xs-6&#8243;][vc_single_image image=&#8221;7532&#8243; img_size=&#8221;full&#8221; onclick=&#8221;custom_link&#8221; img_link_target=&#8221;_blank&#8221; link=&#8221;https:\/\/play.google.com\/store\/apps\/details?id=com.otobende.app&#8221;][\/vc_column_inner][\/vc_row_inner][vc_single_image image=&#8221;7781&#8243; img_size=&#8221;full&#8221; alignment=&#8221;center&#8221; css_animation=&#8221;fadeInUp&#8221; css=&#8221;.vc_custom_1653463849383{margin-top: 15px !important;}&#8221;][\/vc_column][\/vc_row]<\/p>\n","protected":false},"excerpt":{"rendered":"<p>[vc_row full_width=&#8221;stretch_row&#8221; css=&#8221;.vc_custom_1652709115887{margin-top: -50px !important;}&#8221;][vc_column][vc_row_inner css=&#8221;.vc_custom_1513720913586{padding-top: 100px !important;padding-right: 100px !important;padding-bottom: 80px !important;padding-left: 100px !important;}&#8221;][vc_column_inner width=&#8221;1\/2&#8243; css=&#8221;.vc_custom_1541584818078{padding-right: 20px !important;}&#8221;][vc_empty_space height=&#8221;20px&#8221;][vc_single_image image=&#8221;7764&#8243; [&hellip;]<\/p>\n","protected":false},"author":1,"featured_media":8296,"parent":0,"menu_order":0,"comment_status":"closed","ping_status":"closed","template":"","meta":{"inline_featured_image":false,"footnotes":""},"class_list":["post-8332","page","type-page","status-publish","has-post-thumbnail","hentry"],"_links":{"self":[{"href":"https:\/\/otobende.com\/en\/wp-json\/wp\/v2\/pages\/8332"}],"collection":[{"href":"https:\/\/otobende.com\/en\/wp-json\/wp\/v2\/pages"}],"about":[{"href":"https:\/\/otobende.com\/en\/wp-json\/wp\/v2\/types\/page"}],"author":[{"embeddable":true,"href":"https:\/\/otobende.com\/en\/wp-json\/wp\/v2\/users\/1"}],"replies":[{"embeddable":true,"href":"https:\/\/otobende.com\/en\/wp-json\/wp\/v2\/comments?post=8332"}],"version-history":[{"count":6,"href":"https:\/\/otobende.com\/en\/wp-json\/wp\/v2\/pages\/8332\/revisions"}],"predecessor-version":[{"id":8568,"href":"https:\/\/otobende.com\/en\/wp-json\/wp\/v2\/pages\/8332\/revisions\/8568"}],"wp:featuredmedia":[{"embeddable":true,"href":"https:\/\/otobende.com\/en\/wp-json\/wp\/v2\/media\/8296"}],"wp:attachment":[{"href":"https:\/\/otobende.com\/en\/wp-json\/wp\/v2\/media?parent=8332"}],"curies":[{"name":"wp","href":"https:\/\/api.w.org\/{rel}","templated":true}]}}