{"id":8331,"date":"2018-10-22T13:48:34","date_gmt":"2018-10-22T13:48:34","guid":{"rendered":"https:\/\/otobende.com\/iletisim\/"},"modified":"2023-02-11T11:33:29","modified_gmt":"2023-02-11T11:33:29","slug":"contact-us","status":"publish","type":"page","link":"https:\/\/otobende.com\/en\/contact-us\/","title":{"rendered":"Contact Us"},"content":{"rendered":"<p>[vc_row full_width=&#8221;stretch_row&#8221;][vc_column css=&#8221;.vc_custom_1516095762744{padding-right: 0px !important;padding-left: 0px !important;}&#8221;][vc_row_inner css=&#8221;.vc_custom_1556019928500{padding-bottom: 73px !important;}&#8221;][vc_column_inner width=&#8221;1\/2&#8243; css=&#8221;.vc_custom_1652877010379{padding-right: 70px !important;padding-left: 100px !important;}&#8221;]<div class=\"key-icon-box icon-default icon-left cont-center ib-hover-1\" style=\"background-color: transparent;\" ><div class=\"ib-wrapper\"><i class=\"iconsmind-Location-2 iconsmind-Maps-Locations\" style=\" \"><\/i> <h5 class=\"service-heading\" >Maslak Mah. AOS 9. Sk. No:310\/2 \u0130\u00e7 Kap\u0131 No:7 Sar\u0131yer\/\u0130stanbul<\/h5><\/div><\/div>[vc_empty_space height=&#8221;12px&#8221;]<div class=\"key-icon-box icon-default icon-left cont-center ib-hover-1\" style=\"background-color: transparent;\" ><a href=\"mailto:info@otobende.com\" target=\"\"><div class=\"ib-wrapper\"><i class=\"iconsmind-Envelope iconsmind-Emails\" style=\" \"><\/i> <h5 class=\"service-heading\" >info@otobende.com<\/h5><\/div><\/a><\/div>[vc_empty_space height=&#8221;12px&#8221;]<div class=\"key-icon-box icon-default icon-left cont-center ib-hover-1\" style=\"background-color: transparent;\" ><a href=\"tel:+908508852240\" target=\"\"><div class=\"ib-wrapper\"><i class=\"iconsmind-Phone-2 iconsmind-Desktop-apps\" style=\" \"><\/i> <h5 class=\"service-heading\" >0850 885 22 40<\/h5><\/div><\/a><\/div>[vc_empty_space height=&#8221;12px&#8221;]<div class=\"key-icon-box icon-default icon-left cont-center ib-hover-1\" style=\"background-color: transparent;\" ><a href=\"https:\/\/wa.me\/905302046200\" target=\"\" rel=\"noopener\"><div class=\"ib-wrapper\"><i class=\"fab fa-whatsapp\" style=\" color: #81d742;\"><\/i> <h5 class=\"service-heading\" >0530 204 62 00<\/h5><p >WhatsApp<\/p><\/div><\/a><\/div>[vc_empty_space height=&#8221;20px&#8221;][vc_custom_heading text=&#8221;You can reach us via above contact information or through the contact form. We will answer your questions as soon as possible.<br \/>\n&#8221; font_container=&#8221;tag:h6|text_align:left&#8221; use_theme_fonts=&#8221;yes&#8221; css_animation=&#8221;fadeIn&#8221;][\/vc_column_inner][vc_column_inner width=&#8221;1\/2&#8243; css=&#8221;.vc_custom_1652877024272{padding-top: 40px !important;padding-right: 80px !important;padding-left: 50px !important;}&#8221;]<div class=\"kd-contact-form full-width-cf\" >\n<div class=\"wpcf7 no-js\" id=\"wpcf7-f8363-o1\" lang=\"en-US\" dir=\"ltr\">\n<div class=\"screen-reader-response\"><p role=\"status\" aria-live=\"polite\" aria-atomic=\"true\"><\/p> <ul><\/ul><\/div>\n<form action=\"\/en\/wp-json\/wp\/v2\/pages\/8331#wpcf7-f8363-o1\" method=\"post\" class=\"wpcf7-form init\" aria-label=\"Contact form\" novalidate=\"novalidate\" data-status=\"init\">\n<div style=\"display: none;\">\n<input type=\"hidden\" name=\"_wpcf7\" value=\"8363\" \/>\n<input type=\"hidden\" name=\"_wpcf7_version\" value=\"5.7.5.1\" \/>\n<input type=\"hidden\" name=\"_wpcf7_locale\" value=\"en_US\" \/>\n<input type=\"hidden\" name=\"_wpcf7_unit_tag\" value=\"wpcf7-f8363-o1\" \/>\n<input type=\"hidden\" name=\"_wpcf7_container_post\" value=\"0\" \/>\n<input type=\"hidden\" name=\"_wpcf7_posted_data_hash\" value=\"\" \/>\n<input type=\"hidden\" name=\"_wpcf7_recaptcha_response\" value=\"\" \/>\n<\/div>\n<p><span class=\"wpcf7-form-control-wrap\" data-name=\"your-name\"><input size=\"40\" class=\"wpcf7-form-control wpcf7-text wpcf7-validates-as-required\" aria-required=\"true\" aria-invalid=\"false\" placeholder=\"Your Name\" value=\"\" type=\"text\" name=\"your-name\" \/><\/span><br \/>\n<span class=\"wpcf7-form-control-wrap\" data-name=\"your-email\"><input size=\"40\" class=\"wpcf7-form-control wpcf7-text wpcf7-email wpcf7-validates-as-required wpcf7-validates-as-email\" aria-required=\"true\" aria-invalid=\"false\" placeholder=\"Your E-Mail\" value=\"\" type=\"email\" name=\"your-email\" \/><\/span><br \/>\n<span class=\"wpcf7-form-control-wrap\" data-name=\"your-message\"><textarea cols=\"40\" rows=\"10\" class=\"wpcf7-form-control wpcf7-textarea\" aria-invalid=\"false\" placeholder=\"Your Messages\" name=\"your-message\"><\/textarea><\/span><br \/>\n<span class=\"wpcf7-form-control-wrap\" data-name=\"kvkk\"><span class=\"wpcf7-form-control wpcf7-acceptance\"><span class=\"wpcf7-list-item\"><label><input type=\"checkbox\" name=\"kvkk\" value=\"1\" aria-invalid=\"false\" \/><span class=\"wpcf7-list-item-label\">I have read and accept the <a href=\"https:\/\/otobende.com\/en\/law-on-protection-of-personal-data-clarification-text\/\" target=\"_blank\"> Law on Protection of Personal Data Clarification Text.<\/a><\/span><\/label><\/span><\/span><\/span><br \/>\n<input class=\"wpcf7-form-control has-spinner wpcf7-submit\" type=\"submit\" value=\"Submit\" \/>\n<\/p><div class=\"wpcf7-response-output\" aria-hidden=\"true\"><\/div>\n<\/form>\n<\/div>\n<\/div>[\/vc_column_inner][\/vc_row_inner][\/vc_column][\/vc_row][vc_row full_width=&#8221;stretch_row_content_no_spaces&#8221;][vc_column]<script>\r\n\r\n                    function initKdMap_kd69e8effea709d() {\r\n                      var map_kd69e8effea709d;\r\n        \t\t\t\t\t\t\tvar gmap_location_kd69e8effea709d = new google.maps.LatLng(41.1153328, 29.0166317);\r\n        \t\t\t\t\t\t\tvar GMAP_MODULE_kd69e8effea709d = \"customMap\";\r\n      \t\t\t\t\t\t\t\tvar featureOpts = [\r\n      \t\t\t\t\t\t\t\t\t\t\t{\r\n      \t\t\t\t\t\t\t\t\t\t\t  stylers: [\r\n      \t\t\t\t\t\t\t\t\t\t\t\t{ \"visibility\": \"on\" },\r\n      \t\t\t\t\t\t\t\t\t\t\t\t{ \"weight\": 1 },\r\n      \t\t\t\t\t\t\t\t\t\t\t\t{ \"saturation\": -100 },\r\n      \t\t\t\t\t\t\t\t\t\t\t\t{ \"lightness\": 2.2 },\r\n      \t\t\t\t\t\t\t\t\t\t\t\t{ \"gamma\": 2.2 }\r\n      \t\t\t\t\t\t\t\t\t\t\t  ]\r\n      \t\t\t\t\t\t\t\t\t\t\t}, {\r\n                                featureType: \"poi\",\r\n                                stylers: [\r\n                                  { \"visibility\": \"off\" }\r\n                                ]\r\n                              }\r\n      \t\t\t\t\t\t\t\t\t\t];\r\n      \t\t\t\t\t\t\t\tvar mapOptions = {\r\n      \t\t\t\t\t\t\t\t\tzoom: 15,\r\n      \t\t\t\t\t\t\t\t\tcenter: gmap_location_kd69e8effea709d,\r\n                        scrollwheel: false,\r\n      \t\t\t\t\t\t\t\t\tmapTypeControlOptions: {\r\n      \t\t\t\t\t\t\t\t\t\tmapTypeIds: [google.maps.MapTypeId.ROADMAP, GMAP_MODULE_kd69e8effea709d]\r\n      \t\t\t\t\t\t\t\t\t},\r\n      \t\t\t\t\t\t\t\t\tmapTypeId: GMAP_MODULE_kd69e8effea709d\r\n      \t\t\t\t\t\t\t\t};\r\n      \t\t\t\t\t\t\t\tmap_kd69e8effea709d = new google.maps.Map(document.getElementById(\"kd69e8effea709d\"), mapOptions);\r\n      \t\t\t\t\t\t\t\tmarker_kd69e8effea709d = new google.maps.Marker({\r\n      \t\t\t\t\t\t\t\t\tmap: map_kd69e8effea709d,\r\n      \t\t\t\t\t\t\t\t\tdraggable: false,\r\n      \t\t\t\t\t\t\t\t\tanimation: google.maps.Animation.DROP,\r\n      \t\t\t\t\t\t\t\t\tposition: gmap_location_kd69e8effea709d,\r\n      \t\t\t\t\t\t\t\t\ticon: \"https:\/\/www.ekko-wp.com\/wp-content\/uploads\/sites\/3\/2018\/10\/map-marker.png\"\r\n      \t\t\t\t\t\t\t\t  });\r\n      \t\t\t\t\t\t\t\tgoogle.maps.event.addListener(marker_kd69e8effea709d, \"click\", function() {\r\n      \t\t\t\t\t\t\t\t\tif (marker_kd69e8effea709d.getAnimation() != null) {\r\n      \t\t\t\t\t\t\t\t\t\tmarker_kd69e8effea709d.setAnimation(null);\r\n      \t\t\t\t\t\t\t\t\t} else {\r\n      \t\t\t\t\t\t\t\t\t\tmarker_kd69e8effea709d.setAnimation(google.maps.Animation.BOUNCE);\r\n      \t\t\t\t\t\t\t\t\t}\r\n      \t\t\t\t\t\t\t\t});\r\n      \t\t\t\t\t\t\t\tvar styledMapOptions = {\r\n      \t\t\t\t\t\t\t\t\tname: \"ekko Map3\"\r\n      \t\t\t\t\t\t\t\t};\r\n      \t\t\t\t\t\t\t\tvar customMapType_kd69e8effea709d = new google.maps.StyledMapType(featureOpts, styledMapOptions);\r\n      \t\t\t\t\t\t\t\tmap_kd69e8effea709d.mapTypes.set(GMAP_MODULE_kd69e8effea709d, customMapType_kd69e8effea709d);\r\n                      }\r\n                      jQuery(window).on(\"load\", function() {\r\n                        initKdMap_kd69e8effea709d();\r\n                      });\r\n      \t\t\t\t\t\t<\/script><div class=\"contact-map-container hidden_info_panel\" style=\"height: 560px;\"><div id=\"kd69e8effea709d\" class=\"kd_map\" style=\"height: 560px;\"><\/div>\r\n\r\n            <\/div>[\/vc_column][\/vc_row]<\/p>\n","protected":false},"excerpt":{"rendered":"<p>[vc_row full_width=&#8221;stretch_row&#8221;][vc_column css=&#8221;.vc_custom_1516095762744{padding-right: 0px !important;padding-left: 0px !important;}&#8221;][vc_row_inner css=&#8221;.vc_custom_1556019928500{padding-bottom: 73px !important;}&#8221;][vc_column_inner width=&#8221;1\/2&#8243; css=&#8221;.vc_custom_1652877010379{padding-right: 70px !important;padding-left: 100px !important;}&#8221;][vc_empty_space height=&#8221;12px&#8221;][vc_empty_space height=&#8221;12px&#8221;][vc_empty_space height=&#8221;12px&#8221;][vc_empty_space height=&#8221;20px&#8221;][vc_custom_heading [&hellip;]<\/p>\n","protected":false},"author":1,"featured_media":8295,"parent":0,"menu_order":0,"comment_status":"closed","ping_status":"closed","template":"","meta":{"inline_featured_image":false,"footnotes":""},"class_list":["post-8331","page","type-page","status-publish","has-post-thumbnail","hentry"],"_links":{"self":[{"href":"https:\/\/otobende.com\/en\/wp-json\/wp\/v2\/pages\/8331"}],"collection":[{"href":"https:\/\/otobende.com\/en\/wp-json\/wp\/v2\/pages"}],"about":[{"href":"https:\/\/otobende.com\/en\/wp-json\/wp\/v2\/types\/page"}],"author":[{"embeddable":true,"href":"https:\/\/otobende.com\/en\/wp-json\/wp\/v2\/users\/1"}],"replies":[{"embeddable":true,"href":"https:\/\/otobende.com\/en\/wp-json\/wp\/v2\/comments?post=8331"}],"version-history":[{"count":3,"href":"https:\/\/otobende.com\/en\/wp-json\/wp\/v2\/pages\/8331\/revisions"}],"predecessor-version":[{"id":8368,"href":"https:\/\/otobende.com\/en\/wp-json\/wp\/v2\/pages\/8331\/revisions\/8368"}],"wp:featuredmedia":[{"embeddable":true,"href":"https:\/\/otobende.com\/en\/wp-json\/wp\/v2\/media\/8295"}],"wp:attachment":[{"href":"https:\/\/otobende.com\/en\/wp-json\/wp\/v2\/media?parent=8331"}],"curies":[{"name":"wp","href":"https:\/\/api.w.org\/{rel}","templated":true}]}}