{"id":8327,"date":"2022-05-17T09:15:43","date_gmt":"2022-05-17T09:15:43","guid":{"rendered":"https:\/\/otobende.com\/ariza-tespit-ve-onarim\/"},"modified":"2023-03-20T18:48:29","modified_gmt":"2023-03-20T18:48:29","slug":"diagnostics-auto-repair","status":"publish","type":"page","link":"https:\/\/otobende.com\/en\/diagnostics-auto-repair\/","title":{"rendered":"Diagnostics &#038; Auto Repair"},"content":{"rendered":"<p>[vc_row css=&#8221;.vc_custom_1556018461316{margin-top: -50px !important;padding-top: 0px !important;padding-bottom: 150px !important;}&#8221;][vc_column]<div class=\"feature-sections-wrapper kd-fsp-69e6319fee357 \">\r\n            <section class=\"feature-sections-tabs  \">\r\n              <nav class=\"kd-feature-tabs\">\r\n                <ul class=\"nav nav-tabs sticky-tabs container\">\r\n                <\/ul>\r\n              <\/nav>\r\n            <\/section>\r\n            <section id=\"kd-fss-69e6319fee3de\" class=\"featured-right \"><li class=\"nav-label\"><a class=\"feature-tabs-scroll\" href=\"#kd-fss-69e6319fee3de\"><i class=\"iconsmind-Information iconsmind-User-Interface fss-nav-icon\" style=\" \"><\/i> Diagnostics and Auto Repair<\/a><\/li><div class=\"container\">\r\n                <div class=\"side-content-wrapper kd-animated fadeInLeft\" data-animation-delay=\"200\"><i class=\" section-icon\" style=\" \"><\/i> <h2 class=\"side-content-title\" >Diagnostics and Auto Repair<\/h2><h6 class=\"side-content-subtitle\" >Thanks to the Diagnostics and Auto Repair service initially the mechanical or electronic problems you experience with your car are detected, and when you approve our offer you through the application, your car is repaired.<\/h6><div class=\"side-content-text\" ><p><strong>Scope of Diagnostics and Auto Repair<\/strong><\/p>\n<ul>\n<li>Mechanical Problems<\/li>\n<li>Electronic Problems<\/li>\n<\/ul>\n<p>\n<\/div><\/div><div class=\"side-featured-wrapper fss-rectangle kd-animated fadeInRight fss-shadow-image\" data-animation-delay=\"200\">\r\n      <div class=\"featured-image\"><img loading=\"lazy\" decoding=\"async\" width=\"2534\" height=\"1652\" src=\"https:\/\/otobende.com\/wp-content\/uploads\/2022\/05\/Ekran-Resmi-2022-05-16-16.29.52-1.jpg\" class=\"attachment-full\" alt=\"\" title=\"Ekran Resmi 2022-05-16 16.29.52\" srcset=\"https:\/\/otobende.com\/wp-content\/uploads\/2022\/05\/Ekran-Resmi-2022-05-16-16.29.52-1.jpg 2534w, https:\/\/otobende.com\/wp-content\/uploads\/2022\/05\/Ekran-Resmi-2022-05-16-16.29.52-1-300x196.jpg 300w, https:\/\/otobende.com\/wp-content\/uploads\/2022\/05\/Ekran-Resmi-2022-05-16-16.29.52-1-1024x668.jpg 1024w, https:\/\/otobende.com\/wp-content\/uploads\/2022\/05\/Ekran-Resmi-2022-05-16-16.29.52-1-768x501.jpg 768w, https:\/\/otobende.com\/wp-content\/uploads\/2022\/05\/Ekran-Resmi-2022-05-16-16.29.52-1-1536x1001.jpg 1536w, https:\/\/otobende.com\/wp-content\/uploads\/2022\/05\/Ekran-Resmi-2022-05-16-16.29.52-1-2048x1335.jpg 2048w, https:\/\/otobende.com\/wp-content\/uploads\/2022\/05\/Ekran-Resmi-2022-05-16-16.29.52-1-800x522.jpg 800w\" sizes=\"(max-width: 2534px) 100vw, 2534px\" \/><\/div>\r\n    <\/div><\/div>\r\n            <\/section><section id=\"kd-fss-69e6319feec4e\" class=\"featured-left \"><li class=\"nav-label\"><a class=\"feature-tabs-scroll\" href=\"#kd-fss-69e6319feec4e\"><i class=\"iconsmind-Download-fromCloud iconsmind-Cloud-Class fss-nav-icon\" style=\" \"><\/i> Download Now<\/a><\/li><div class=\"container\">\r\n                <div class=\"side-content-wrapper kd-animated fadeInLeft\" data-animation-delay=\"200\"><i class=\" section-icon\" style=\" \"><\/i> <h2 class=\"side-content-title\" >Download Now<\/h2><h6 class=\"side-content-subtitle\" >Download our app now to utilize our Diagnostics and Auto Repair service!<\/h6><div class=\"side-content-link sc-primary-btn\"><a href=\"#download-now\" target=\"_self\" title=\"Download Now\" class=\"tt_button tt_primary_button btn_primary_color button-action-link\">Download Now<\/a><\/div><\/div><div class=\"side-featured-wrapper fss-rectangle kd-animated fadeInRight fss-shadow-image\" data-animation-delay=\"200\">\r\n      <div class=\"featured-image\"><img loading=\"lazy\" decoding=\"async\" width=\"1500\" height=\"1000\" src=\"https:\/\/otobende.com\/wp-content\/uploads\/2022\/05\/hemen-indir.jpg\" class=\"attachment-full\" alt=\"\" title=\"Young attractive woman using smart phone texting or read message\" srcset=\"https:\/\/otobende.com\/wp-content\/uploads\/2022\/05\/hemen-indir.jpg 1500w, https:\/\/otobende.com\/wp-content\/uploads\/2022\/05\/hemen-indir-300x200.jpg 300w, https:\/\/otobende.com\/wp-content\/uploads\/2022\/05\/hemen-indir-1024x683.jpg 1024w, https:\/\/otobende.com\/wp-content\/uploads\/2022\/05\/hemen-indir-768x512.jpg 768w, https:\/\/otobende.com\/wp-content\/uploads\/2022\/05\/hemen-indir-800x533.jpg 800w\" sizes=\"(max-width: 1500px) 100vw, 1500px\" \/><\/div>\r\n    <\/div><\/div>\r\n            <\/section>\r\n            <\/div><style type=\"text\/css\"><\/style>[\/vc_column][\/vc_row][vc_row full_width=&#8221;stretch_row&#8221; css=&#8221;.vc_custom_1652707100311{padding-top: 60px !important;padding-bottom: 60px !important;background-color: #f6f8fa !important;}&#8221;][vc_column css=&#8221;.vc_custom_1516095014613{padding-right: 0px !important;padding-left: 0px !important;}&#8221;][vc_row_inner css=&#8221;.vc_custom_1652702704962{padding-top: 60px !important;padding-bottom: 60px !important;}&#8221;][vc_column_inner]<header class=\"kd-section-title vc_col-lg-6 vc_col-sm-8 text-center  kd-animated fadeIn   vc_custom_1676050681873\" data-animation-delay=200><h2 class=\"separator_off\" >How Does Otobende Work?<\/h2><\/header>[vc_empty_space]\r\n            <div class=\"kd-process-steps process_four_elem process-checkbox-template \">\r\n                <ul>\r\n                <li class=\"pss-item  \"  >\r\n                    <div class=\"pss-container\"><div class=\"pss-step-number\"><span >1<\/span><\/div><div class=\"pss-text-area\">\r\n                            <h5 >Service Selection<\/h5>\r\n                            <p >Select the service you need through Otobende app.<\/p><\/div>\r\n                    <\/div>\r\n                <\/li>\r\n                <li class=\"pss-item  \"  >\r\n                    <div class=\"pss-container\"><div class=\"pss-step-number\"><span >2<\/span><\/div><div class=\"pss-text-area\">\r\n                            <h5 >Instant Pricing<\/h5>\r\n                            <p >Instantly view the prices of the service. After your confirmation, have the mobile service team or valet\/tow truck directed to your location.<\/p><\/div>\r\n                    <\/div>\r\n                <\/li>\r\n                <li class=\"pss-item  \"  >\r\n                    <div class=\"pss-container\"><div class=\"pss-step-number\"><span >3<\/span><\/div><div class=\"pss-text-area\">\r\n                            <h5 >Service Tracking<\/h5>\r\n                            <p >Track your car's location and service stages through the app.<\/p><\/div>\r\n                    <\/div>\r\n                <\/li>\r\n                <li class=\"pss-item  \"  >\r\n                    <div class=\"pss-container\"><div class=\"pss-step-number\"><span >4<\/span><\/div><div class=\"pss-text-area\">\r\n                            <h5 >Delivery<\/h5>\r\n                            <p >After the requested service is completed, your car will be delivered to you.<\/p><\/div>\r\n                    <\/div>\r\n                <\/li><\/ul>\r\n            <\/div>[\/vc_column_inner][\/vc_row_inner][\/vc_column][\/vc_row][vc_row full_width=&#8221;stretch_row&#8221; css=&#8221;.vc_custom_1550145123007{padding-top: 150px !important;padding-bottom: 150px !important;background-color: #ffffff !important;}&#8221;][vc_column]<div class=\"app-gallery ag-parent kd-appgal-69e6319fef39d\"><div class=\"ag-section-desc\">\n                      <h4>With Otobende, Diagnostics and Auto Repair service is hassle-free!<\/h4>\n                      <p>Choose the Diagnostics and Auto Repair service, confirm the offer, let us pick up your car from your location and deliver it to your location after the process is completed.<\/p>\n                  <\/div><div class=\"ag-mockup\"><img decoding=\"async\" src=\"https:\/\/www.ekko-wp.com\/wp-content\/uploads\/sites\/3\/2018\/11\/mockup.png\"  \/><\/div><div class=\"ag-slider-wrapper\">\n                  <div class=\"ag-slider\"><div class=\"ag-slider-child\"><img loading=\"lazy\" decoding=\"async\" width=\"450\" height=\"800\" src=\"https:\/\/otobende.com\/wp-content\/uploads\/2023\/01\/otobende1.png\" class=\"attachment-full\" alt=\"\" title=\"otobende1\" srcset=\"https:\/\/otobende.com\/wp-content\/uploads\/2023\/01\/otobende1.png 450w, https:\/\/otobende.com\/wp-content\/uploads\/2023\/01\/otobende1-169x300.png 169w\" sizes=\"(max-width: 450px) 100vw, 450px\" \/><\/div><div class=\"ag-slider-child\"><img loading=\"lazy\" decoding=\"async\" width=\"450\" height=\"800\" src=\"https:\/\/otobende.com\/wp-content\/uploads\/2023\/01\/otobende2.png\" class=\"attachment-full\" alt=\"\" title=\"otobende2\" srcset=\"https:\/\/otobende.com\/wp-content\/uploads\/2023\/01\/otobende2.png 450w, https:\/\/otobende.com\/wp-content\/uploads\/2023\/01\/otobende2-169x300.png 169w\" sizes=\"(max-width: 450px) 100vw, 450px\" \/><\/div><div class=\"ag-slider-child\"><img loading=\"lazy\" decoding=\"async\" width=\"450\" height=\"800\" src=\"https:\/\/otobende.com\/wp-content\/uploads\/2023\/01\/otobende3.png\" class=\"attachment-full\" alt=\"\" title=\"otobende3\" srcset=\"https:\/\/otobende.com\/wp-content\/uploads\/2023\/01\/otobende3.png 450w, https:\/\/otobende.com\/wp-content\/uploads\/2023\/01\/otobende3-169x300.png 169w\" sizes=\"(max-width: 450px) 100vw, 450px\" \/><\/div><div class=\"ag-slider-child\"><img loading=\"lazy\" decoding=\"async\" width=\"450\" height=\"800\" src=\"https:\/\/otobende.com\/wp-content\/uploads\/2023\/01\/otobende4.png\" class=\"attachment-full\" alt=\"\" title=\"otobende4\" srcset=\"https:\/\/otobende.com\/wp-content\/uploads\/2023\/01\/otobende4.png 450w, https:\/\/otobende.com\/wp-content\/uploads\/2023\/01\/otobende4-169x300.png 169w\" sizes=\"(max-width: 450px) 100vw, 450px\" \/><\/div><div class=\"ag-slider-child\"><img loading=\"lazy\" decoding=\"async\" width=\"450\" height=\"800\" src=\"https:\/\/otobende.com\/wp-content\/uploads\/2023\/01\/otobende5.png\" class=\"attachment-full\" alt=\"\" title=\"otobende5\" srcset=\"https:\/\/otobende.com\/wp-content\/uploads\/2023\/01\/otobende5.png 450w, https:\/\/otobende.com\/wp-content\/uploads\/2023\/01\/otobende5-169x300.png 169w\" sizes=\"(max-width: 450px) 100vw, 450px\" \/><\/div><div class=\"ag-slider-child\"><img loading=\"lazy\" decoding=\"async\" width=\"450\" height=\"800\" src=\"https:\/\/otobende.com\/wp-content\/uploads\/2023\/01\/otobende6.png\" class=\"attachment-full\" alt=\"\" title=\"otobende6\" srcset=\"https:\/\/otobende.com\/wp-content\/uploads\/2023\/01\/otobende6.png 450w, https:\/\/otobende.com\/wp-content\/uploads\/2023\/01\/otobende6-169x300.png 169w\" sizes=\"(max-width: 450px) 100vw, 450px\" \/><\/div><div class=\"ag-slider-child\"><img loading=\"lazy\" decoding=\"async\" width=\"450\" height=\"800\" src=\"https:\/\/otobende.com\/wp-content\/uploads\/2023\/01\/otobende7.png\" class=\"attachment-full\" alt=\"\" title=\"otobende7\" srcset=\"https:\/\/otobende.com\/wp-content\/uploads\/2023\/01\/otobende7.png 450w, https:\/\/otobende.com\/wp-content\/uploads\/2023\/01\/otobende7-169x300.png 169w\" sizes=\"(max-width: 450px) 100vw, 450px\" \/><\/div><\/div>\n                <\/div>\n            <\/div><script type=\"text\/javascript\">\n              jQuery(document).ready(function($){\n                if ($(\".app-gallery.kd-appgal-69e6319fef39d .ag-slider\").length) {\n                  $(\".app-gallery.kd-appgal-69e6319fef39d .ag-slider\").owlCarousel({\n                    stageClass: \"owl-wrapper\",\n                    stageOuterClass: \"owl-wrapper-outer\",\n                    loadedClass: \"owl-carousel\",\n                    margin: 50,items: 1,loop: true,\n                    dots: true,\n                    dotsEach: true,\n                    dotsSpeed: 500,\n                    nav: false,autoplay: true,autoplayTimeout: 10000,\n                  });\n                }\n              });\n            <\/script>[\/vc_column][\/vc_row][vc_row full_width=&#8221;stretch_row&#8221; kd_fixed_background=&#8221;true&#8221; css=&#8221;.vc_custom_1652860437749{padding-top: 80px !important;padding-bottom: 60px !important;background-image: url(http:\/\/otobende.com\/wp-content\/uploads\/2022\/05\/genel-banner-b-kopyasi-1.png?id=7684) !important;background-position: center !important;background-repeat: no-repeat !important;background-size: cover !important;}&#8221;][vc_column css=&#8221;.vc_custom_1516095014613{padding-right: 0px !important;padding-left: 0px !important;}&#8221;]<header class=\"kd-section-title vc_col-lg-6 vc_col-sm-8 text-center  kd-animated fadeIn   vc_custom_1676051046218\" data-animation-delay=200><h2 class=\"separator_off\" >Advantages of Otobende<\/h2><\/header>[vc_row_inner css=&#8221;.vc_custom_1652703895887{padding-top: 30px !important;padding-bottom: 60px !important;}&#8221;][vc_column_inner width=&#8221;1\/5&#8243;]<div class=\"key-icon-box icon-default icon-top cont-center ib-hover-1\" style=\"background-color: transparent;\" ><div class=\"ib-wrapper\"><i class=\"iconsmind-Sand-watch2 iconsmind-Time\" style=\" \"><\/i> <h5 class=\"service-heading\" >Time Saving<\/h5><\/div><\/div>[\/vc_column_inner][vc_column_inner width=&#8221;1\/5&#8243;]<div class=\"key-icon-box icon-default icon-top cont-center ib-hover-1\" style=\"background-color: transparent;\" ><div class=\"ib-wrapper\"><i class=\"iconsmind-Map2 iconsmind-Maps-Locations\" style=\" \"><\/i> <h5 class=\"service-heading\" >Service in Your Location<\/h5><\/div><\/div>[\/vc_column_inner][vc_column_inner width=&#8221;1\/5&#8243;]<div class=\"key-icon-box icon-default icon-top cont-center ib-hover-1\" style=\"background-color: transparent;\" ><div class=\"ib-wrapper\"><i class=\"iconsmind-Car-3 iconsmind-Transportation\" style=\" \"><\/i> <h5 class=\"service-heading\" >Door to Door Service<\/h5><\/div><\/div>[\/vc_column_inner][vc_column_inner width=&#8221;1\/5&#8243;]<div class=\"key-icon-box icon-default icon-top cont-center ib-hover-1\" style=\"background-color: transparent;\" ><div class=\"ib-wrapper\"><i class=\"iconsmind-Hand-TouchSmartphone iconsmind-Touch-Gestures\" style=\" \"><\/i> <h5 class=\"service-heading\" >Real-Time Tracking<\/h5><\/div><\/div>[\/vc_column_inner][vc_column_inner width=&#8221;1\/5&#8243;]<div class=\"key-icon-box icon-default icon-top cont-center ib-hover-1\" style=\"background-color: transparent;\" ><div class=\"ib-wrapper\"><i class=\"iconsmind-Check iconsmind-Interface\" style=\" \"><\/i> <h5 class=\"service-heading\" >Instant Quote<\/h5><\/div><\/div>[\/vc_column_inner][\/vc_row_inner][\/vc_column][\/vc_row][vc_row full_width=&#8221;stretch_row&#8221; disable_element=&#8221;yes&#8221; css=&#8221;.vc_custom_1653639082477{padding-top: 80px !important;padding-bottom: 60px !important;}&#8221;][vc_column css=&#8221;.vc_custom_1516095014613{padding-right: 0px !important;padding-left: 0px !important;}&#8221;]<header class=\"kd-section-title vc_col-lg-6 vc_col-sm-8 text-center  kd-animated fadeIn   vc_custom_1652717662603\" data-animation-delay=200><h2 class=\"separator_off\" >S\u0131k\u00e7a Sorulan Sorular<\/h2><\/header>[vc_row_inner][vc_column_inner width=&#8221;1\/2&#8243;][vc_toggle title=&#8221;Periyodik Bak\u0131m Nedir?&#8221;]S\u00fcr\u00fcc\u00fclerin, yolcular\u0131n ve otomobilin s\u00fcr\u00fc\u015f g\u00fcvenli\u011fi \u00e7ok \u00f6nemlidir. Zamanla ara\u00e7larda meydana gelebilecek ufak \u00e7apl\u0131 ar\u0131zalar s\u00fcr\u00fcc\u00fcler fark etmeden b\u00fcy\u00fck sorunlara yol a\u00e7abilir. Motorlu ara\u00e7larda \u00f6nemli par\u00e7alar\u0131n belirli aral\u0131klarla kontrol\u00fcn\u00fcn sa\u011flanmas\u0131, gerekli ayarlamalar\u0131n yap\u0131lmas\u0131 ve ar\u0131zal\u0131 yada eskiyen par\u00e7alar\u0131n de\u011fi\u015ftirme i\u015flemlerinin ger\u00e7ekle\u015ftirilmesi gereklidir. Bu i\u015flemlerin t\u00fcm\u00fcne <strong>periyodik bak\u0131m\u00a0<\/strong>denilmektedir.[\/vc_toggle][vc_toggle title=&#8221;Periyodik Bak\u0131m Neden \u00d6nemli?&#8221;]Periyodik bak\u0131mlar\u0131n amac\u0131;<strong>\u00a0ara\u00e7 performans\u0131n\u0131<\/strong>\u00a0olabildi\u011fince en iyi durumda muhafaza etmek, b\u00fcy\u00fck ar\u0131zalara neden olabilecek k\u00fc\u00e7\u00fck problemleri ortadan kald\u0131rmak, arac\u0131n kanuni d\u00fczenlemelere uygun olarak \u00e7al\u0131\u015fmas\u0131n\u0131 ve herkes i\u00e7in g\u00fcvenli bir yolculuk olmas\u0131n\u0131 sa\u011flamakt\u0131r. Periyodik bak\u0131mlar\u0131n ger\u00e7ekle\u015ftirilmesi ile ara\u00e7lar\u0131n uzun \u00f6m\u00fcrl\u00fc olmas\u0131,\u00a0<strong>yak\u0131t ekonomisi\u00a0<\/strong>sa\u011flanmas\u0131 ve daha g\u00fcvenli \u00e7al\u0131\u015fmas\u0131 ile ilgili t\u00fcm kontroller profesyonellerce yap\u0131lmaktad\u0131r.[\/vc_toggle][\/vc_column_inner][vc_column_inner width=&#8221;1\/2&#8243;][vc_toggle title=&#8221;Periyodik Bak\u0131m Ne S\u0131kl\u0131kta Yap\u0131lmal\u0131?&#8221;]<strong>Ara\u00e7lar\u0131n bak\u0131m periyotlar\u0131<\/strong>, \u00fcretici firmalar\u0131n belirledi\u011fi zamanlarda (genelde 1 y\u0131l) veya belirledi\u011fi periyotlarda (10.000\/15.000 km, 20.000\/30.000 km, 30.000\/45.000km\u2026 gibi) yap\u0131l\u0131r. Bu bak\u0131m periyotlar\u0131nda ara\u00e7lardaki s\u0131v\u0131lar\u0131n, filtrelerin, ayarlar\u0131n ve mekanik par\u00e7alar\u0131n bak\u0131mlar\u0131, kontrolleri, ayarlar\u0131 ve de\u011fi\u015fimleri yap\u0131l\u0131r.[\/vc_toggle][vc_toggle title=&#8221;Periyodik Bak\u0131m neleri kapsar?&#8221;]<strong>Motor Ya\u011f\u0131 Ve Ya\u011f Filtresi De\u011fi\u015fimi<\/strong><\/p>\n<p>Ara\u00e7 motorunun \u00e7al\u0131\u015fmas\u0131 s\u0131ras\u0131nda kaynaklanan \u0131s\u0131 de\u011fi\u015fimlerinden ve s\u00fcrt\u00fcnmeden kaynakl\u0131 a\u015f\u0131nmalardan dolay\u0131 ara\u00e7 motoru bir s\u00fcre sonra ar\u0131zalanabilir. Periyodik bak\u0131mda motor ya\u011f\u0131 yenilenir ve<strong>\u00a0ya\u011f filtresi temizli\u011fi\u00a0<\/strong>yap\u0131l\u0131r.<\/p>\n<p><strong>Hava Filtresi Kontrol\u00fc ve De\u011fi\u015fimi<\/strong><\/p>\n<p>Hava filtreleri motorun yanma odas\u0131na girer ve temizli\u011fi \u00f6nemlidir. Hava filtrelerinde biriken at\u0131klar\u0131n motora ula\u015fmamas\u0131 a\u00e7\u0131s\u0131ndan temizlenmelidir.<\/p>\n<p><strong>Klima Polen Filtresi De\u011fi\u015fimi ve Kontrol\u00fc<\/strong><\/p>\n<p>Klimalar\u0131n polen filtreleri\u00a0kontrol edilir ve gerekli durumlarda de\u011fi\u015fimleri yap\u0131l\u0131r.\u00a0<strong>Klima polen filtresi de\u011fi\u015fimi\u00a0<\/strong>s\u00fcr\u00fcc\u00fclerin ve yolcular\u0131n sa\u011fl\u0131\u011f\u0131 a\u00e7\u0131s\u0131ndan olduk\u00e7a \u00f6nemlidir.<\/p>\n<p><strong>Yak\u0131t Filtresi Kontrol\u00fc ve De\u011fi\u015fimi<\/strong><\/p>\n<p>Yak\u0131t i\u00e7erisinde yer alan istenmeyen par\u00e7alar arac\u0131n s\u00fcr\u00fc\u015f konforunu d\u00fc\u015f\u00fcr\u00fcr ayn\u0131 zamanda insan sa\u011fl\u0131\u011f\u0131 a\u00e7\u0131s\u0131ndan da olumsuz sonu\u00e7lar i\u00e7erir. Bu nedenle\u00a0<strong>yak\u0131t filtrelerinin kontrol ve de\u011fi\u015fimi<\/strong>\u00a0periyodik bak\u0131m s\u0131ras\u0131nda yap\u0131lmaktad\u0131r.<\/p>\n<p><strong>Motor Bak\u0131m\u0131 Ve Kontrol\u00fc<\/strong><\/p>\n<p>Motor arac\u0131n en \u00f6nemli par\u00e7as\u0131d\u0131r. Arac\u0131n performans\u0131n\u0131 \u00fcst d\u00fczeye ta\u015f\u0131yacak olan motorun t\u00fcm par\u00e7alar\u0131n\u0131n bak\u0131m ve kontrol\u00fc ayn\u0131 zamanda\u00a0<strong>s\u00fcr\u00fc\u015f g\u00fcvenli\u011fi<\/strong>\u00a0a\u00e7\u0131s\u0131ndan da \u00f6nemlidir.<\/p>\n<p><strong>S\u0131v\u0131lar\u0131n Kontrol\u00fc<\/strong><\/p>\n<p>Arac\u0131n hidrolik sistemleri, antifriz ve motor ya\u011f\u0131 olmak \u00fczere arac\u0131n performans ve g\u00fcvenli\u011fini etkileyecek t\u00fcm s\u0131v\u0131lar detayl\u0131 olarak incelenir ve yenilenir.<\/p>\n<p><strong>Fren Sistemi Bak\u0131m\u0131<\/strong><\/p>\n<p>Frenler arac\u0131n g\u00fcvenli\u011finden sorumlu en \u00f6nemli par\u00e7alar\u0131d\u0131r. Periyodik bak\u0131m s\u0131ras\u0131nda fren balatalar\u0131, hidrolik ve fren borular\u0131 olmak \u00fczere t\u00fcm fren sistemi unsurlar kontrol edilir ve bak\u0131m\u0131 yap\u0131l\u0131r.<\/p>\n<p><strong>Far Ayar\u0131 Ve Ayd\u0131nlatmalar\u0131n Kontrol\u00fc<\/strong><\/p>\n<p>G\u00fcvenli bir s\u00fcr\u00fc\u015f i\u00e7in arac\u0131n en \u00f6nemli sistemlerinden bir di\u011feri far ve ayd\u0131nlatmalard\u0131r. S\u00fcr\u00fcc\u00fclerin g\u00fcvenli\u011fi a\u00e7\u0131s\u0131ndan bu sistemlerin iyi \u00e7al\u0131\u015f\u0131r durumda oldu\u011fundan emin olmak gerekir. Bu nedenle periyodik bak\u0131m s\u0131ras\u0131nda t\u00fcm far ve ayd\u0131nlatman\u0131n do\u011fru ayarlarda olup olmad\u0131\u011f\u0131 kontrol edilerek gerekli ayarlamalar yap\u0131l\u0131r.<\/p>\n<p><strong>\u00d6n Tak\u0131m Kontrol\u00fc<\/strong><\/p>\n<p>Arac\u0131n s\u00fcr\u00fc\u015f kapasitesinin g\u00fcvenli ve performans\u0131n\u0131n y\u00fcksek olmas\u0131 a\u00e7\u0131s\u0131ndan<strong>\u00a0\u00f6n tak\u0131mlar\u0131n kontrol\u00fc<\/strong>\u00a0olduk\u00e7a \u00f6nemlidir. Periyodik bak\u0131m s\u0131ras\u0131nda s\u00fcr\u00fcc\u00fc ve yolcular\u0131n g\u00fcvenli\u011fi a\u00e7\u0131s\u0131ndan \u00f6n tak\u0131mlar titizlikle kontrol edilir.<\/p>\n<p><strong>Oto 55 nokta check-up<\/strong>[\/vc_toggle][\/vc_column_inner][\/vc_row_inner][\/vc_column][\/vc_row][vc_row full_width=&#8221;stretch_row&#8221; kd_fixed_background=&#8221;true&#8221; css=&#8221;.vc_custom_1652777066837{background-color: #00b5e8 !important;background-position: center !important;background-repeat: no-repeat !important;background-size: cover !important;}&#8221; el_id=&#8221;download-now&#8221;][vc_column][vc_row_inner css=&#8221;.vc_custom_1652776878827{padding-top: 120px !important;}&#8221;][vc_column_inner]<header class=\"kd-section-title vc_col-lg-6 vc_col-sm-8 text-center  kd-animated fadeIn  \" data-animation-delay=200><h2 class=\"separator_off\" style=\"color: #ffffff;\">Download Otobende Now!<\/h2><h6 class=\"subtitle \" style=\"color: #f3f3f3;\">Enjoy the advantageous services and privileges offered for your car!<\/h6><\/header>[\/vc_column_inner][\/vc_row_inner][vc_row_inner css=&#8221;.vc_custom_1536752703782{margin-top: 20px !important;padding-bottom: 20px !important;}&#8221;][vc_column_inner width=&#8221;1\/2&#8243; css=&#8221;.vc_custom_1555931238516{border-right-width: 5px !important;padding-right: 0px !important;border-right-color: rgba(255,255,255,0) !important;border-right-style: solid !important;}&#8221; offset=&#8221;vc_col-lg-offset-0 vc_col-lg-6 vc_col-xs-6&#8243;][vc_single_image image=&#8221;8600&#8243; img_size=&#8221;full&#8221; alignment=&#8221;right&#8221; onclick=&#8221;custom_link&#8221; img_link_target=&#8221;_blank&#8221; link=&#8221;https:\/\/apps.apple.com\/tr\/app\/otobende\/id1613165071&#8243;][\/vc_column_inner][vc_column_inner width=&#8221;1\/2&#8243; css=&#8221;.vc_custom_1555931261668{border-left-width: 5px !important;padding-left: 0px !important;border-left-color: rgba(255,255,255,0.01) !important;border-left-style: solid !important;}&#8221; offset=&#8221;vc_col-lg-6 vc_col-xs-6&#8243;][vc_single_image image=&#8221;8602&#8243; img_size=&#8221;full&#8221; onclick=&#8221;custom_link&#8221; img_link_target=&#8221;_blank&#8221; link=&#8221;https:\/\/play.google.com\/store\/apps\/details?id=com.otobende.app&#8221;][\/vc_column_inner][\/vc_row_inner][vc_single_image image=&#8221;7781&#8243; img_size=&#8221;full&#8221; alignment=&#8221;center&#8221; css_animation=&#8221;fadeInUp&#8221; css=&#8221;.vc_custom_1653463849383{margin-top: 15px !important;}&#8221;][\/vc_column][\/vc_row]<\/p>\n","protected":false},"excerpt":{"rendered":"<p>[vc_row css=&#8221;.vc_custom_1556018461316{margin-top: -50px !important;padding-top: 0px !important;padding-bottom: 150px !important;}&#8221;][vc_column][\/vc_column][\/vc_row][vc_row full_width=&#8221;stretch_row&#8221; css=&#8221;.vc_custom_1652707100311{padding-top: 60px !important;padding-bottom: 60px !important;background-color: #f6f8fa !important;}&#8221;][vc_column css=&#8221;.vc_custom_1516095014613{padding-right: 0px !important;padding-left: 0px [&hellip;]<\/p>\n","protected":false},"author":1,"featured_media":8265,"parent":0,"menu_order":0,"comment_status":"closed","ping_status":"closed","template":"","meta":{"inline_featured_image":false,"footnotes":""},"class_list":["post-8327","page","type-page","status-publish","has-post-thumbnail","hentry"],"_links":{"self":[{"href":"https:\/\/otobende.com\/en\/wp-json\/wp\/v2\/pages\/8327"}],"collection":[{"href":"https:\/\/otobende.com\/en\/wp-json\/wp\/v2\/pages"}],"about":[{"href":"https:\/\/otobende.com\/en\/wp-json\/wp\/v2\/types\/page"}],"author":[{"embeddable":true,"href":"https:\/\/otobende.com\/en\/wp-json\/wp\/v2\/users\/1"}],"replies":[{"embeddable":true,"href":"https:\/\/otobende.com\/en\/wp-json\/wp\/v2\/comments?post=8327"}],"version-history":[{"count":14,"href":"https:\/\/otobende.com\/en\/wp-json\/wp\/v2\/pages\/8327\/revisions"}],"predecessor-version":[{"id":8637,"href":"https:\/\/otobende.com\/en\/wp-json\/wp\/v2\/pages\/8327\/revisions\/8637"}],"wp:featuredmedia":[{"embeddable":true,"href":"https:\/\/otobende.com\/en\/wp-json\/wp\/v2\/media\/8265"}],"wp:attachment":[{"href":"https:\/\/otobende.com\/en\/wp-json\/wp\/v2\/media?parent=8327"}],"curies":[{"name":"wp","href":"https:\/\/api.w.org\/{rel}","templated":true}]}}