{"id":8324,"date":"2022-05-17T11:20:07","date_gmt":"2022-05-17T11:20:07","guid":{"rendered":"https:\/\/otobende.com\/muayene-hizmeti\/"},"modified":"2023-03-20T18:52:08","modified_gmt":"2023-03-20T18:52:08","slug":"vehicle-inspection-service","status":"publish","type":"page","link":"https:\/\/otobende.com\/en\/vehicle-inspection-service\/","title":{"rendered":"Vehicle Inspection Service &#8211; T\u00dcVT\u00dcRK"},"content":{"rendered":"<p>[vc_row css=&#8221;.vc_custom_1556018461316{margin-top: -50px !important;padding-top: 0px !important;padding-bottom: 150px !important;}&#8221;][vc_column]<div class=\"feature-sections-wrapper kd-fsp-69f18d796840e \">\r\n            <section class=\"feature-sections-tabs  \">\r\n              <nav class=\"kd-feature-tabs\">\r\n                <ul class=\"nav nav-tabs sticky-tabs container\">\r\n                <\/ul>\r\n              <\/nav>\r\n            <\/section>\r\n            <section id=\"kd-fss-69f18d7968489\" class=\"featured-right \"><li class=\"nav-label\"><a class=\"feature-tabs-scroll\" href=\"#kd-fss-69f18d7968489\"><i class=\"iconsmind-Information iconsmind-User-Interface fss-nav-icon\" style=\" \"><\/i> Vehicle Inspection Service<\/a><\/li><div class=\"container\">\r\n                <div class=\"side-content-wrapper kd-animated fadeInLeft\" data-animation-delay=\"200\"><i class=\" section-icon\" style=\" \"><\/i> <h2 class=\"side-content-title\" >Vehicle Inspection Service - T\u00dcVT\u00dcRK<\/h2><h6 class=\"side-content-subtitle\" >We pick up your car from your location, have it inspected by T\u00dcVT\u00dcRK on your behalf and deliver at your location.<\/h6><div class=\"side-content-text\" ><div class=\"wptb-table-container wptb-table-8583\"><div class=\"wptb-table-container-matrix\" id=\"wptb-table-id-8583\" data-wptb-version=\"1.4.9\" data-wptb-pro-status=\"false\"><table class=\"wptb-preview-table wptb-element-main-table_setting-7500\" data-reconstraction=\"1\" style=\"border: 1px solid rgb(239, 239, 239);\" data-wptb-table-tds-sum-max-width=\"238\" data-wptb-cells-width-auto-count=\"1\" data-wptb-extra-styles=\"LyogRW50ZXIgeW91ciBjdXN0b20gQ1NTIHJ1bGVzIGhlcmUgKi8=\" role=\"table\" data-wptb-header-background-color=\"#F5F5F5FF\" data-wptb-odd-row-background-color=\"#FFFFFFFF\" data-table-columns=\"2\" data-wptb-horizontal-scroll-status=\"false\"><tbody><tr class=\"wptb-row\" style=\"background-color: rgb(245, 245, 245);\"><td class=\"wptb-cell\" data-y-index=\"0\" data-x-index=\"0\" style=\"border: 1px solid rgb(239, 239, 239);\" data-wptb-css-td-auto-width=\"true\"><div class=\"wptb-text-container wptb-ph-element wptb-element-text-1\" style=\"color: rgb(74, 85, 104); font-size: 15px;\"><div class=\"\" style=\"position: relative;\"><p><strong>Inspection Service Scope<\/strong><\/p><\/div><\/div><\/td><td class=\"wptb-cell\" data-y-index=\"0\" data-x-index=\"1\" style=\"border: 1px solid rgb(239, 239, 239); width: 75px;\"><\/td><\/tr><tr class=\"wptb-row\"><td class=\"wptb-cell\" data-y-index=\"1\" data-x-index=\"0\" style=\"border: 1px solid rgb(239, 239, 239);\" data-wptb-css-td-auto-width=\"true\"><div class=\"wptb-text-container wptb-ph-element wptb-element-text-3\" style=\"color: rgb(74, 85, 104); font-size: 15px;\"><div class=\"\" style=\"position: relative;\"><p>Preliminary Inspection Preparation<\/p><\/div><\/div><\/td><td class=\"wptb-cell\" data-y-index=\"1\" data-x-index=\"1\" style=\"border: 1px solid rgb(239, 239, 239); width: 75px;\"><div class=\"wptb-text-container wptb-ph-element wptb-element-text-7\" style=\"color: rgb(74, 85, 104); font-size: 15px;\"><div class=\"\" style=\"position: relative;\"><p>Optional<\/p><\/div><\/div><\/td><\/tr><tr class=\"wptb-row\" style=\"background-color: rgb(255, 255, 255);\"><td class=\"wptb-cell\" data-y-index=\"2\" data-x-index=\"0\" style=\"border: 1px solid rgb(239, 239, 239);\" data-wptb-css-td-auto-width=\"true\"><div class=\"wptb-text-container wptb-ph-element wptb-element-text-5\" style=\"color: rgb(74, 85, 104); font-size: 15px;\"><div class=\"\" style=\"position: relative;\"><p>Making an Appointment<\/p><\/div><\/div><\/td><td class=\"wptb-cell\" data-y-index=\"2\" data-x-index=\"1\" style=\"border: 1px solid rgb(239, 239, 239); width: 75px;\"><div class=\"wptb-image-container wptb-ph-element wptb-element-image-1\" data-wptb-image-alignment=\"center\"><div class=\"wptb-image-wrapper\">            <a style=\"display: block; width: 58%;\" class=\"\">                                <img loading=\"lazy\" decoding=\"async\" class=\"wptb-image-element-target\" height=\"512\" width=\"512\" src=\"\/\/otobende.com\/wp-content\/uploads\/2022\/05\/check-mark.png\" style=\"width: 100%;\">            <\/a>        <\/div><\/div><\/td><\/tr><tr class=\"wptb-row\"><td class=\"wptb-cell\" style=\"border: 1px solid rgb(239, 239, 239);\" data-x-index=\"0\" data-y-index=\"3\" data-wptb-css-td-auto-width=\"true\"><div class=\"wptb-text-container wptb-ph-element wptb-element-text-6\" style=\"color: rgb(74, 85, 104); font-size: 15px;\"><div class=\"\" style=\"position: relative;\"><p>Exhaust Control<\/p><\/div><\/div><\/td><td class=\"wptb-cell wptb-ondragenter\" style=\"border: 1px solid rgb(239, 239, 239); width: 75px;\" data-x-index=\"1\" data-y-index=\"3\"><div class=\"wptb-image-container wptb-ph-element wptb-ondragenter wptb-element-image-3\" data-wptb-image-alignment=\"center\"><div class=\"wptb-image-wrapper\">            <a style=\"display: block; width: 58%;\" class=\"\">                                <img loading=\"lazy\" decoding=\"async\" class=\"wptb-image-element-target\" height=\"512\" width=\"512\" src=\"\/\/otobende.com\/wp-content\/uploads\/2022\/05\/check-mark.png\" style=\"width: 100%;\">            <\/a>        <\/div><\/div><\/td><\/tr><tr class=\"wptb-row\" style=\"background-color: rgb(255, 255, 255);\"><td class=\"wptb-cell\" style=\"border: 1px solid rgb(239, 239, 239);\" data-x-index=\"0\" data-y-index=\"4\" data-wptb-css-td-auto-width=\"true\"><div class=\"wptb-text-container wptb-ph-element wptb-element-text-8\" style=\"color: rgb(74, 85, 104); font-size: 15px;\"><div class=\"\" style=\"position: relative;\"><p>Valet\/Towing*<\/p><\/div><\/div><div class=\"wptb-text-container wptb-ph-element wptb-element-text-9 edit-active\" style=\"color: rgb(255, 0, 0); font-size: 12px;\"><div class=\"\" style=\"position: relative;\"><p>*Optional.<\/p><\/div><\/div><\/td><td class=\"wptb-cell\" style=\"border: 1px solid rgb(239, 239, 239); width: 75px;\" data-x-index=\"1\" data-y-index=\"4\"><div class=\"wptb-image-container wptb-ph-element wptb-element-image-2\" data-wptb-image-alignment=\"center\"><div class=\"wptb-image-wrapper\">            <a style=\"display: block; width: 58%;\" class=\"\">                                <img loading=\"lazy\" decoding=\"async\" class=\"wptb-image-element-target\" height=\"512\" width=\"512\" src=\"\/\/otobende.com\/wp-content\/uploads\/2022\/05\/check-mark.png\" style=\"width: 100%;\">            <\/a>        <\/div><\/div><\/td><\/tr><\/tbody><\/table><\/div><\/div>\n<\/div><\/div><div class=\"side-featured-wrapper fss-rectangle kd-animated fadeInRight fss-shadow-image\" data-animation-delay=\"200\">\r\n      <div class=\"featured-image\"><img loading=\"lazy\" decoding=\"async\" width=\"1000\" height=\"665\" src=\"https:\/\/otobende.com\/wp-content\/uploads\/2022\/05\/muayene.jpeg\" class=\"attachment-full\" alt=\"\" title=\"muayene\" srcset=\"https:\/\/otobende.com\/wp-content\/uploads\/2022\/05\/muayene.jpeg 1000w, https:\/\/otobende.com\/wp-content\/uploads\/2022\/05\/muayene-300x200.jpeg 300w, https:\/\/otobende.com\/wp-content\/uploads\/2022\/05\/muayene-768x511.jpeg 768w, https:\/\/otobende.com\/wp-content\/uploads\/2022\/05\/muayene-800x532.jpeg 800w\" sizes=\"(max-width: 1000px) 100vw, 1000px\" \/><\/div>\r\n    <\/div><\/div>\r\n            <\/section><section id=\"kd-fss-69f18d7969bf4\" class=\"featured-left \"><li class=\"nav-label\"><a class=\"feature-tabs-scroll\" href=\"#kd-fss-69f18d7969bf4\"><i class=\"iconsmind-Download-fromCloud iconsmind-Cloud-Class fss-nav-icon\" style=\" \"><\/i> Download Now<\/a><\/li><div class=\"container\">\r\n                <div class=\"side-content-wrapper kd-animated fadeInLeft\" data-animation-delay=\"200\"><i class=\" section-icon\" style=\" \"><\/i> <h2 class=\"side-content-title\" >Download Now<\/h2><h6 class=\"side-content-subtitle\" >Download our app now to take advantage of our vehicle inspection service!<\/h6><div class=\"side-content-link sc-primary-btn\"><a href=\"#download-now\" target=\"_self\" title=\"Download Now\" class=\"tt_button tt_primary_button btn_primary_color button-action-link\">Download Now<\/a><\/div><\/div><div class=\"side-featured-wrapper fss-rectangle kd-animated fadeInRight fss-shadow-image\" data-animation-delay=\"200\">\r\n      <div class=\"featured-image\"><img loading=\"lazy\" decoding=\"async\" width=\"1500\" height=\"1000\" src=\"https:\/\/otobende.com\/wp-content\/uploads\/2022\/05\/hemen-indir.jpg\" class=\"attachment-full\" alt=\"\" title=\"Young attractive woman using smart phone texting or read message\" srcset=\"https:\/\/otobende.com\/wp-content\/uploads\/2022\/05\/hemen-indir.jpg 1500w, https:\/\/otobende.com\/wp-content\/uploads\/2022\/05\/hemen-indir-300x200.jpg 300w, https:\/\/otobende.com\/wp-content\/uploads\/2022\/05\/hemen-indir-1024x683.jpg 1024w, https:\/\/otobende.com\/wp-content\/uploads\/2022\/05\/hemen-indir-768x512.jpg 768w, https:\/\/otobende.com\/wp-content\/uploads\/2022\/05\/hemen-indir-800x533.jpg 800w\" sizes=\"(max-width: 1500px) 100vw, 1500px\" \/><\/div>\r\n    <\/div><\/div>\r\n            <\/section>\r\n            <\/div><style type=\"text\/css\"><\/style>[\/vc_column][\/vc_row][vc_row full_width=&#8221;stretch_row&#8221; css=&#8221;.vc_custom_1652707100311{padding-top: 60px !important;padding-bottom: 60px !important;background-color: #f6f8fa !important;}&#8221;][vc_column css=&#8221;.vc_custom_1516095014613{padding-right: 0px !important;padding-left: 0px !important;}&#8221;][vc_row_inner css=&#8221;.vc_custom_1652702704962{padding-top: 60px !important;padding-bottom: 60px !important;}&#8221;][vc_column_inner]<header class=\"kd-section-title vc_col-lg-6 vc_col-sm-8 text-center  kd-animated fadeIn   vc_custom_1676236979761\" data-animation-delay=200><h2 class=\"separator_off\" >How Does Otobende Work?<\/h2><\/header>[vc_empty_space]\r\n            <div class=\"kd-process-steps process_four_elem process-checkbox-template \">\r\n                <ul>\r\n                <li class=\"pss-item  \"  >\r\n                    <div class=\"pss-container\"><div class=\"pss-step-number\"><span >1<\/span><\/div><div class=\"pss-text-area\">\r\n                            <h5 >Service Selection<\/h5>\r\n                            <p >Select the service you need through Otobende app.<\/p><\/div>\r\n                    <\/div>\r\n                <\/li>\r\n                <li class=\"pss-item  \"  >\r\n                    <div class=\"pss-container\"><div class=\"pss-step-number\"><span >2<\/span><\/div><div class=\"pss-text-area\">\r\n                            <h5 >Instant Pricing<\/h5>\r\n                            <p >Instantly view the prices of the service. After your confirmation, have the mobile service team or valet\/tow truck directed to your location.<\/p><\/div>\r\n                    <\/div>\r\n                <\/li>\r\n                <li class=\"pss-item  \"  >\r\n                    <div class=\"pss-container\"><div class=\"pss-step-number\"><span >3<\/span><\/div><div class=\"pss-text-area\">\r\n                            <h5 >Service Tracking<\/h5>\r\n                            <p >Track your car's location and service stages through the app.<\/p><\/div>\r\n                    <\/div>\r\n                <\/li>\r\n                <li class=\"pss-item  \"  >\r\n                    <div class=\"pss-container\"><div class=\"pss-step-number\"><span >4<\/span><\/div><div class=\"pss-text-area\">\r\n                            <h5 >Delivery<\/h5>\r\n                            <p >After the requested service is completed, your car will be delivered to you.<\/p><\/div>\r\n                    <\/div>\r\n                <\/li><\/ul>\r\n            <\/div>[\/vc_column_inner][\/vc_row_inner][\/vc_column][\/vc_row][vc_row full_width=&#8221;stretch_row&#8221; css=&#8221;.vc_custom_1550145123007{padding-top: 150px !important;padding-bottom: 150px !important;background-color: #ffffff !important;}&#8221;][vc_column]<div class=\"app-gallery ag-parent kd-appgal-69f18d796a20e\"><div class=\"ag-section-desc\">\n                      <h4>With Otobende, Vehicle Inspection is so easy!<\/h4>\n                      <p>Choose the vehicle inspection service, confirm the offer, let us pick up your car from your location and deliver it to your location after the process is completed.<\/p>\n                  <\/div><div class=\"ag-mockup\"><img decoding=\"async\" src=\"https:\/\/www.ekko-wp.com\/wp-content\/uploads\/sites\/3\/2018\/11\/mockup.png\"  \/><\/div><div class=\"ag-slider-wrapper\">\n                  <div class=\"ag-slider\"><div class=\"ag-slider-child\"><img loading=\"lazy\" decoding=\"async\" width=\"450\" height=\"800\" src=\"https:\/\/otobende.com\/wp-content\/uploads\/2023\/01\/otobende1.png\" class=\"attachment-full\" alt=\"\" title=\"otobende1\" srcset=\"https:\/\/otobende.com\/wp-content\/uploads\/2023\/01\/otobende1.png 450w, https:\/\/otobende.com\/wp-content\/uploads\/2023\/01\/otobende1-169x300.png 169w\" sizes=\"(max-width: 450px) 100vw, 450px\" \/><\/div><div class=\"ag-slider-child\"><img loading=\"lazy\" decoding=\"async\" width=\"450\" height=\"800\" src=\"https:\/\/otobende.com\/wp-content\/uploads\/2023\/01\/otobende2.png\" class=\"attachment-full\" alt=\"\" title=\"otobende2\" srcset=\"https:\/\/otobende.com\/wp-content\/uploads\/2023\/01\/otobende2.png 450w, https:\/\/otobende.com\/wp-content\/uploads\/2023\/01\/otobende2-169x300.png 169w\" sizes=\"(max-width: 450px) 100vw, 450px\" \/><\/div><div class=\"ag-slider-child\"><img loading=\"lazy\" decoding=\"async\" width=\"450\" height=\"800\" src=\"https:\/\/otobende.com\/wp-content\/uploads\/2023\/01\/otobende3.png\" class=\"attachment-full\" alt=\"\" title=\"otobende3\" srcset=\"https:\/\/otobende.com\/wp-content\/uploads\/2023\/01\/otobende3.png 450w, https:\/\/otobende.com\/wp-content\/uploads\/2023\/01\/otobende3-169x300.png 169w\" sizes=\"(max-width: 450px) 100vw, 450px\" \/><\/div><div class=\"ag-slider-child\"><img loading=\"lazy\" decoding=\"async\" width=\"450\" height=\"800\" src=\"https:\/\/otobende.com\/wp-content\/uploads\/2023\/01\/otobende4.png\" class=\"attachment-full\" alt=\"\" title=\"otobende4\" srcset=\"https:\/\/otobende.com\/wp-content\/uploads\/2023\/01\/otobende4.png 450w, https:\/\/otobende.com\/wp-content\/uploads\/2023\/01\/otobende4-169x300.png 169w\" sizes=\"(max-width: 450px) 100vw, 450px\" \/><\/div><div class=\"ag-slider-child\"><img loading=\"lazy\" decoding=\"async\" width=\"450\" height=\"800\" src=\"https:\/\/otobende.com\/wp-content\/uploads\/2023\/01\/otobende5.png\" class=\"attachment-full\" alt=\"\" title=\"otobende5\" srcset=\"https:\/\/otobende.com\/wp-content\/uploads\/2023\/01\/otobende5.png 450w, https:\/\/otobende.com\/wp-content\/uploads\/2023\/01\/otobende5-169x300.png 169w\" sizes=\"(max-width: 450px) 100vw, 450px\" \/><\/div><div class=\"ag-slider-child\"><img loading=\"lazy\" decoding=\"async\" width=\"450\" height=\"800\" src=\"https:\/\/otobende.com\/wp-content\/uploads\/2023\/01\/otobende6.png\" class=\"attachment-full\" alt=\"\" title=\"otobende6\" srcset=\"https:\/\/otobende.com\/wp-content\/uploads\/2023\/01\/otobende6.png 450w, https:\/\/otobende.com\/wp-content\/uploads\/2023\/01\/otobende6-169x300.png 169w\" sizes=\"(max-width: 450px) 100vw, 450px\" \/><\/div><div class=\"ag-slider-child\"><img loading=\"lazy\" decoding=\"async\" width=\"450\" height=\"800\" src=\"https:\/\/otobende.com\/wp-content\/uploads\/2023\/01\/otobende7.png\" class=\"attachment-full\" alt=\"\" title=\"otobende7\" srcset=\"https:\/\/otobende.com\/wp-content\/uploads\/2023\/01\/otobende7.png 450w, https:\/\/otobende.com\/wp-content\/uploads\/2023\/01\/otobende7-169x300.png 169w\" sizes=\"(max-width: 450px) 100vw, 450px\" \/><\/div><\/div>\n                <\/div>\n            <\/div><script type=\"text\/javascript\">\n              jQuery(document).ready(function($){\n                if ($(\".app-gallery.kd-appgal-69f18d796a20e .ag-slider\").length) {\n                  $(\".app-gallery.kd-appgal-69f18d796a20e .ag-slider\").owlCarousel({\n                    stageClass: \"owl-wrapper\",\n                    stageOuterClass: \"owl-wrapper-outer\",\n                    loadedClass: \"owl-carousel\",\n                    margin: 50,items: 1,loop: true,\n                    dots: true,\n                    dotsEach: true,\n                    dotsSpeed: 500,\n                    nav: false,autoplay: true,autoplayTimeout: 10000,\n                  });\n                }\n              });\n            <\/script>[\/vc_column][\/vc_row][vc_row full_width=&#8221;stretch_row&#8221; kd_fixed_background=&#8221;true&#8221; css=&#8221;.vc_custom_1652860437749{padding-top: 80px !important;padding-bottom: 60px !important;background-image: url(http:\/\/otobende.com\/wp-content\/uploads\/2022\/05\/genel-banner-b-kopyasi-1.png?id=7684) !important;background-position: center !important;background-repeat: no-repeat !important;background-size: cover !important;}&#8221;][vc_column css=&#8221;.vc_custom_1516095014613{padding-right: 0px !important;padding-left: 0px !important;}&#8221;]<header class=\"kd-section-title vc_col-lg-6 vc_col-sm-8 text-center  kd-animated fadeIn   vc_custom_1676237103213\" data-animation-delay=200><h2 class=\"separator_off\" >Advantages of Otobende<\/h2><\/header>[vc_row_inner css=&#8221;.vc_custom_1652703895887{padding-top: 30px !important;padding-bottom: 60px !important;}&#8221;][vc_column_inner width=&#8221;1\/5&#8243;]<div class=\"key-icon-box icon-default icon-top cont-center ib-hover-1\" style=\"background-color: transparent;\" ><div class=\"ib-wrapper\"><i class=\"iconsmind-Sand-watch2 iconsmind-Time\" style=\" \"><\/i> <h5 class=\"service-heading\" >Time Saving<\/h5><\/div><\/div>[\/vc_column_inner][vc_column_inner width=&#8221;1\/5&#8243;]<div class=\"key-icon-box icon-default icon-top cont-center ib-hover-1\" style=\"background-color: transparent;\" ><div class=\"ib-wrapper\"><i class=\"iconsmind-Map2 iconsmind-Maps-Locations\" style=\" \"><\/i> <h5 class=\"service-heading\" >Service in Your Location<\/h5><\/div><\/div>[\/vc_column_inner][vc_column_inner width=&#8221;1\/5&#8243;]<div class=\"key-icon-box icon-default icon-top cont-center ib-hover-1\" style=\"background-color: transparent;\" ><div class=\"ib-wrapper\"><i class=\"iconsmind-Car-3 iconsmind-Transportation\" style=\" \"><\/i> <h5 class=\"service-heading\" >Location to Location Service<\/h5><\/div><\/div>[\/vc_column_inner][vc_column_inner width=&#8221;1\/5&#8243;]<div class=\"key-icon-box icon-default icon-top cont-center ib-hover-1\" style=\"background-color: transparent;\" ><div class=\"ib-wrapper\"><i class=\"iconsmind-Hand-TouchSmartphone iconsmind-Touch-Gestures\" style=\" \"><\/i> <h5 class=\"service-heading\" >Instant<br \/>\nTracking<\/h5><\/div><\/div>[\/vc_column_inner][vc_column_inner width=&#8221;1\/5&#8243;]<div class=\"key-icon-box icon-default icon-top cont-center ib-hover-1\" style=\"background-color: transparent;\" ><div class=\"ib-wrapper\"><i class=\"iconsmind-Check iconsmind-Interface\" style=\" \"><\/i> <h5 class=\"service-heading\" >Instant Pricing<\/h5><\/div><\/div>[\/vc_column_inner][\/vc_row_inner][\/vc_column][\/vc_row][vc_row full_width=&#8221;stretch_row&#8221; css=&#8221;.vc_custom_1652703880306{padding-top: 80px !important;padding-bottom: 60px !important;}&#8221;][vc_column css=&#8221;.vc_custom_1516095014613{padding-right: 0px !important;padding-left: 0px !important;}&#8221;]<header class=\"kd-section-title vc_col-lg-6 vc_col-sm-8 text-center  kd-animated fadeIn   vc_custom_1676237162587\" data-animation-delay=200><h2 class=\"separator_off\" >Frequently Asked Questions<\/h2><\/header>[vc_row_inner][vc_column_inner el_class=&#8221;darsutun&#8221; width=&#8221;1\/2&#8243;][vc_toggle title=&#8221;What is Vehicle Inspection? Why Is It Necessary?&#8221; css_animation=&#8221;fadeIn&#8221;]Vehicle inspection is performed in order to check whether the motor vehicles and non-motorized vehicles are suitable to be in traffic.\u00a0The purpose of vehicle inspection is to eliminate the defects of vehicle and prevent accidents due to these defects.[\/vc_toggle][vc_toggle title=&#8221;Where is the Vehicle Inspection Performed?&#8221; css_animation=&#8221;fadeIn&#8221;]T\u00dcVT\u00dcRK is the only organization in Turkey that is authorized for vehicle inspection and provides vehicle inspection services in international standards.[\/vc_toggle][vc_toggle title=&#8221;What is T\u00dcVT\u00dcRK?&#8221; css_animation=&#8221;fadeIn&#8221;]T\u00dcVT\u00dcRK is the only organization in Turkey that is authorized for vehicle inspection and that provides vehicle inspection services in international standards.[\/vc_toggle][vc_toggle title=&#8221;What is the process of Car Inspection?&#8221; css_animation=&#8221;fadeIn&#8221;]<\/p>\n<div class=\"bdt-ep-accordion-item bdt-open\">\n<div class=\"bdt-ep-accordion-content bdt-accordion-content\">\n<p>In car inspection station, registration information is checked before the car is taken to the platform at the appointed time. Brake\u00a0inspection is performed. Front and rear axle inspections\u00a0are performed. Tire inspections\u00a0are performed. \u00a0Then the lighting systems and headlights of the car are inspected. The high beam and dipped beam adjustments are inspected. Interior inspections are performed. Seat belts and seats are inspected. After these procedures, a report is prepared for the car. In case of defects, the owner is informed accordingly. These procedures take approximately 10-15 minutes.<\/p>\n<\/div>\n<\/div>\n<p>[\/vc_toggle][\/vc_column_inner][vc_column_inner el_class=&#8221;darsutun&#8221; width=&#8221;1\/2&#8243;][vc_toggle title=&#8221;What Happens if the Inspection Sticker Expires?&#8221; css_animation=&#8221;fadeIn&#8221;]<\/p>\n<div class=\"bdt-ep-accordion-item bdt-open\">\n<div class=\"bdt-ep-accordion-content bdt-accordion-content\">\n<p>Vehicle inspection is a procedure that should be performed periodically. This is a threat for the safety of individuals, as well as vehicle owner. There are various penalties for the vehicles and owners, for which the inspection period expired. There will be fines depending on the duration of delay.<\/p>\n<\/div>\n<\/div>\n<p>[\/vc_toggle][vc_toggle title=&#8221;How long is the Car Inspection Valid?&#8221; css_animation=&#8221;fadeIn&#8221;]<\/p>\n<div class=\"bdt-ep-accordion-item bdt-open\">\n<div class=\"bdt-ep-accordion-content bdt-accordion-content\">\n<p>Car inspection is performed once in two years for automobiles. The inspection of commercial vehicles such as taxis, buses, trucks must be carried out every year.<\/p>\n<\/div>\n<\/div>\n<p>[\/vc_toggle][vc_toggle title=&#8221;At What Intervals Should Vehicles Be Inspected?&#8221; css_animation=&#8221;fadeIn&#8221;]<\/p>\n<div class=\"bdt-ep-accordion-item bdt-open\">\n<div class=\"bdt-ep-accordion-content bdt-accordion-content\">\n<p>Inspection system and periods vary according to the vehicle type. Considering the vehicle types and inspection periods in general;<\/p>\n<ul>\n<li>Personal Vehicles: First inspection at the end of 3 years, then every 2 years.<\/li>\n<li>Business-Commercial Vehicles (Pickup Truck, Taxi): Every year.<\/li>\n<\/ul>\n<\/div>\n<\/div>\n<p>[\/vc_toggle][\/vc_column_inner][\/vc_row_inner][\/vc_column][\/vc_row][vc_row full_width=&#8221;stretch_row&#8221; kd_fixed_background=&#8221;true&#8221; css=&#8221;.vc_custom_1652777066837{background-color: #00b5e8 !important;background-position: center !important;background-repeat: no-repeat !important;background-size: cover !important;}&#8221; el_id=&#8221;download-now&#8221;][vc_column][vc_row_inner css=&#8221;.vc_custom_1652776878827{padding-top: 120px !important;}&#8221;][vc_column_inner]<header class=\"kd-section-title vc_col-lg-6 vc_col-sm-8 text-center  kd-animated fadeIn  \" data-animation-delay=200><h2 class=\"separator_off\" style=\"color: #ffffff;\">Download Otobende Now!<\/h2><h6 class=\"subtitle \" style=\"color: #f3f3f3;\">Enjoy the advantageous services and privileges offered for your car!<\/h6><\/header>[\/vc_column_inner][\/vc_row_inner][vc_row_inner css=&#8221;.vc_custom_1536752703782{margin-top: 20px !important;padding-bottom: 20px !important;}&#8221;][vc_column_inner width=&#8221;1\/2&#8243; css=&#8221;.vc_custom_1555931238516{border-right-width: 5px !important;padding-right: 0px !important;border-right-color: rgba(255,255,255,0) !important;border-right-style: solid !important;}&#8221; offset=&#8221;vc_col-lg-offset-0 vc_col-lg-6 vc_col-xs-6&#8243;][vc_single_image image=&#8221;8600&#8243; img_size=&#8221;full&#8221; alignment=&#8221;right&#8221; onclick=&#8221;custom_link&#8221; img_link_target=&#8221;_blank&#8221; link=&#8221;https:\/\/apps.apple.com\/tr\/app\/otobende\/id1613165071&#8243;][\/vc_column_inner][vc_column_inner width=&#8221;1\/2&#8243; css=&#8221;.vc_custom_1555931261668{border-left-width: 5px !important;padding-left: 0px !important;border-left-color: rgba(255,255,255,0.01) !important;border-left-style: solid !important;}&#8221; offset=&#8221;vc_col-lg-6 vc_col-xs-6&#8243;][vc_single_image image=&#8221;8602&#8243; img_size=&#8221;full&#8221; onclick=&#8221;custom_link&#8221; img_link_target=&#8221;_blank&#8221; link=&#8221;https:\/\/play.google.com\/store\/apps\/details?id=com.otobende.app&#8221;][\/vc_column_inner][\/vc_row_inner][vc_single_image image=&#8221;7781&#8243; img_size=&#8221;full&#8221; alignment=&#8221;center&#8221; css_animation=&#8221;fadeInUp&#8221; css=&#8221;.vc_custom_1653463849383{margin-top: 15px !important;}&#8221;][\/vc_column][\/vc_row]<\/p>\n","protected":false},"excerpt":{"rendered":"<p>[vc_row css=&#8221;.vc_custom_1556018461316{margin-top: -50px !important;padding-top: 0px !important;padding-bottom: 150px !important;}&#8221;][vc_column][\/vc_column][\/vc_row][vc_row full_width=&#8221;stretch_row&#8221; css=&#8221;.vc_custom_1652707100311{padding-top: 60px !important;padding-bottom: 60px !important;background-color: #f6f8fa !important;}&#8221;][vc_column css=&#8221;.vc_custom_1516095014613{padding-right: 0px !important;padding-left: 0px [&hellip;]<\/p>\n","protected":false},"author":1,"featured_media":8284,"parent":0,"menu_order":0,"comment_status":"closed","ping_status":"closed","template":"","meta":{"inline_featured_image":false,"footnotes":""},"class_list":["post-8324","page","type-page","status-publish","has-post-thumbnail","hentry"],"_links":{"self":[{"href":"https:\/\/otobende.com\/en\/wp-json\/wp\/v2\/pages\/8324"}],"collection":[{"href":"https:\/\/otobende.com\/en\/wp-json\/wp\/v2\/pages"}],"about":[{"href":"https:\/\/otobende.com\/en\/wp-json\/wp\/v2\/types\/page"}],"author":[{"embeddable":true,"href":"https:\/\/otobende.com\/en\/wp-json\/wp\/v2\/users\/1"}],"replies":[{"embeddable":true,"href":"https:\/\/otobende.com\/en\/wp-json\/wp\/v2\/comments?post=8324"}],"version-history":[{"count":13,"href":"https:\/\/otobende.com\/en\/wp-json\/wp\/v2\/pages\/8324\/revisions"}],"predecessor-version":[{"id":8641,"href":"https:\/\/otobende.com\/en\/wp-json\/wp\/v2\/pages\/8324\/revisions\/8641"}],"wp:featuredmedia":[{"embeddable":true,"href":"https:\/\/otobende.com\/en\/wp-json\/wp\/v2\/media\/8284"}],"wp:attachment":[{"href":"https:\/\/otobende.com\/en\/wp-json\/wp\/v2\/media?parent=8324"}],"curies":[{"name":"wp","href":"https:\/\/api.w.org\/{rel}","templated":true}]}}