{"id":8318,"date":"2022-05-18T12:31:09","date_gmt":"2022-05-18T12:31:09","guid":{"rendered":"https:\/\/otobende.com\/bayimiz-olun\/"},"modified":"2023-02-10T18:11:01","modified_gmt":"2023-02-10T18:11:01","slug":"become-a-dealer","status":"publish","type":"page","link":"https:\/\/otobende.com\/en\/become-a-dealer\/","title":{"rendered":"Become a Dealer"},"content":{"rendered":"<p>[vc_row css=&#8221;.vc_custom_1652882831185{padding-top: 50px !important;padding-bottom: 100px !important;}&#8221;][vc_column width=&#8221;1\/6&#8243;][\/vc_column][vc_column width=&#8221;2\/3&#8243;]\n<div class=\"wpcf7 no-js\" id=\"wpcf7-f8343-o1\" lang=\"en-US\" dir=\"ltr\">\n<div class=\"screen-reader-response\"><p role=\"status\" aria-live=\"polite\" aria-atomic=\"true\"><\/p> <ul><\/ul><\/div>\n<form action=\"\/en\/wp-json\/wp\/v2\/pages\/8318#wpcf7-f8343-o1\" method=\"post\" class=\"wpcf7-form init\" aria-label=\"Contact form\" novalidate=\"novalidate\" data-status=\"init\">\n<div style=\"display: none;\">\n<input type=\"hidden\" name=\"_wpcf7\" value=\"8343\" \/>\n<input type=\"hidden\" name=\"_wpcf7_version\" value=\"5.7.5.1\" \/>\n<input type=\"hidden\" name=\"_wpcf7_locale\" value=\"en_US\" \/>\n<input type=\"hidden\" name=\"_wpcf7_unit_tag\" value=\"wpcf7-f8343-o1\" \/>\n<input type=\"hidden\" name=\"_wpcf7_container_post\" value=\"0\" \/>\n<input type=\"hidden\" name=\"_wpcf7_posted_data_hash\" value=\"\" \/>\n<input type=\"hidden\" name=\"_wpcf7_recaptcha_response\" value=\"\" \/>\n<\/div>\n<div class=\"row\">\n\t<div class=\"col-lg-6\">\n\t\t<p><label>Organization\/Company Name:<\/label><span class=\"wpcf7-form-control-wrap\" data-name=\"kurumadi\"><input size=\"40\" class=\"wpcf7-form-control wpcf7-text wpcf7-validates-as-required\" aria-required=\"true\" aria-invalid=\"false\" value=\"\" type=\"text\" name=\"kurumadi\" \/><\/span>\n\t\t<\/p>\n\t<\/div>\n\t<div class=\"col-lg-6\">\n\t\t<p><label>Name - Surname:<\/label><span class=\"wpcf7-form-control-wrap\" data-name=\"adsoyad\"><input size=\"40\" class=\"wpcf7-form-control wpcf7-text wpcf7-validates-as-required\" aria-required=\"true\" aria-invalid=\"false\" value=\"\" type=\"text\" name=\"adsoyad\" \/><\/span>\n\t\t<\/p>\n\t<\/div>\n<\/div>\n<div class=\"row\">\n\t<div class=\"col-lg-6\">\n\t\t<p><label>Region:<\/label><span class=\"wpcf7-form-control-wrap\" data-name=\"bolge\"><select class=\"wpcf7-form-control wpcf7-select wpcf7-validates-as-required\" aria-required=\"true\" aria-invalid=\"false\" name=\"bolge\"><option value=\"\u0130stanbul - Be\u015fikta\u015f\">\u0130stanbul - Be\u015fikta\u015f<\/option><option value=\"\u0130stanbul - Kad\u0131k\u00f6y\">\u0130stanbul - Kad\u0131k\u00f6y<\/option><option value=\"\u0130stanbul - \u00dcsk\u00fcdar\">\u0130stanbul - \u00dcsk\u00fcdar<\/option><option value=\"\u0130stanbul - Tuzla\">\u0130stanbul - Tuzla<\/option><\/select><\/span>\n\t\t<\/p>\n\t<\/div>\n\t<div class=\"col-lg-6\">\n\t\t<p><label>Type of Service:<\/label><span class=\"wpcf7-form-control-wrap\" data-name=\"hizmet\"><select class=\"wpcf7-form-control wpcf7-select wpcf7-validates-as-required\" aria-required=\"true\" aria-invalid=\"false\" name=\"hizmet\"><option value=\"Periodic Maintenance\">Periodic Maintenance<\/option><option value=\"Tire\">Tire<\/option><option value=\"Emergency Road Service\">Emergency Road Service<\/option><option value=\"Body Paint\">Body Paint<\/option><option value=\"Auto Detailing\">Auto Detailing<\/option><\/select><\/span>\n\t\t<\/p>\n\t<\/div>\n<\/div>\n<div class=\"row\">\n\t<div class=\"col-lg-6\">\n\t\t<p><label>Phone:<\/label><span class=\"wpcf7-form-control-wrap\" data-name=\"telefon\"><input size=\"40\" class=\"wpcf7-form-control wpcf7-text wpcf7-tel wpcf7-validates-as-required wpcf7-validates-as-tel\" aria-required=\"true\" aria-invalid=\"false\" value=\"\" type=\"tel\" name=\"telefon\" \/><\/span>\n\t\t<\/p>\n\t<\/div>\n\t<div class=\"col-lg-6\">\n\t\t<p><label>E-Mail:<\/label><span class=\"wpcf7-form-control-wrap\" data-name=\"eposta\"><input size=\"40\" class=\"wpcf7-form-control wpcf7-text wpcf7-email wpcf7-validates-as-required wpcf7-validates-as-email\" aria-required=\"true\" aria-invalid=\"false\" value=\"\" type=\"email\" name=\"eposta\" \/><\/span>\n\t\t<\/p>\n\t<\/div>\n<\/div>\n<div class=\"row\">\n\t<div class=\"col-lg-12\">\n\t\t<p><label>Address:<\/label><span class=\"wpcf7-form-control-wrap\" data-name=\"adres\"><input size=\"40\" class=\"wpcf7-form-control wpcf7-text wpcf7-validates-as-required\" aria-required=\"true\" aria-invalid=\"false\" value=\"\" type=\"text\" name=\"adres\" \/><\/span>\n\t\t<\/p>\n\t<\/div>\n\t<div class=\"col-lg-12\">\n\t\t<p><label>Your message:<\/label><span class=\"wpcf7-form-control-wrap\" data-name=\"mesaj\"><textarea cols=\"40\" rows=\"10\" class=\"wpcf7-form-control wpcf7-textarea\" aria-invalid=\"false\" name=\"mesaj\"><\/textarea><\/span>\n\t\t<\/p>\n\t<\/div>\n<\/div>\n<div class=\"row\">\n\t<div class=\"col-lg-12\">\n\t\t<p><span class=\"wpcf7-form-control-wrap\" data-name=\"kvkk\"><span class=\"wpcf7-form-control wpcf7-acceptance\"><span class=\"wpcf7-list-item\"><label><input type=\"checkbox\" name=\"kvkk\" value=\"1\" aria-invalid=\"false\" \/><span class=\"wpcf7-list-item-label\">I have read and accept the <a href=\"https:\/\/otobende.com\/en\/law-on-protection-of-personal-data-clarification-text\/\" target=\"_blank\"> Law on Protection of Personal Data Clarification Text.<\/a><\/span><\/label><\/span><\/span><\/span><br \/>\n<input class=\"wpcf7-form-control has-spinner wpcf7-submit\" type=\"submit\" value=\"Apply Now\" \/>\n\t\t<\/p>\n\t<\/div>\n<\/div><div class=\"wpcf7-response-output\" aria-hidden=\"true\"><\/div>\n<\/form>\n<\/div>\n[\/vc_column][vc_column width=&#8221;1\/6&#8243;][\/vc_column][\/vc_row]<\/p>\n","protected":false},"excerpt":{"rendered":"<p>[vc_row css=&#8221;.vc_custom_1652882831185{padding-top: 50px !important;padding-bottom: 100px !important;}&#8221;][vc_column width=&#8221;1\/6&#8243;][\/vc_column][vc_column width=&#8221;2\/3&#8243;][\/vc_column][vc_column width=&#8221;1\/6&#8243;][\/vc_column][\/vc_row]<\/p>\n","protected":false},"author":1,"featured_media":0,"parent":0,"menu_order":0,"comment_status":"closed","ping_status":"closed","template":"","meta":{"inline_featured_image":false,"footnotes":""},"class_list":["post-8318","page","type-page","status-publish","hentry"],"_links":{"self":[{"href":"https:\/\/otobende.com\/en\/wp-json\/wp\/v2\/pages\/8318"}],"collection":[{"href":"https:\/\/otobende.com\/en\/wp-json\/wp\/v2\/pages"}],"about":[{"href":"https:\/\/otobende.com\/en\/wp-json\/wp\/v2\/types\/page"}],"author":[{"embeddable":true,"href":"https:\/\/otobende.com\/en\/wp-json\/wp\/v2\/users\/1"}],"replies":[{"embeddable":true,"href":"https:\/\/otobende.com\/en\/wp-json\/wp\/v2\/comments?post=8318"}],"version-history":[{"count":3,"href":"https:\/\/otobende.com\/en\/wp-json\/wp\/v2\/pages\/8318\/revisions"}],"predecessor-version":[{"id":8341,"href":"https:\/\/otobende.com\/en\/wp-json\/wp\/v2\/pages\/8318\/revisions\/8341"}],"wp:attachment":[{"href":"https:\/\/otobende.com\/en\/wp-json\/wp\/v2\/media?parent=8318"}],"curies":[{"name":"wp","href":"https:\/\/api.w.org\/{rel}","templated":true}]}}