{"id":8314,"date":"2022-05-25T07:58:42","date_gmt":"2022-05-25T07:58:42","guid":{"rendered":"https:\/\/otobende.com\/ticari-elektronik-ileti-onay-metni\/"},"modified":"2023-02-12T21:56:13","modified_gmt":"2023-02-12T21:56:13","slug":"commercial-electronic-message-confirmation-text","status":"publish","type":"page","link":"https:\/\/otobende.com\/en\/commercial-electronic-message-confirmation-text\/","title":{"rendered":"Commercial Electronic Message Confirmation Text"},"content":{"rendered":"\n<p>In accordance with the Law No. 6563 on the Regulation of Electronic Commerce and the relevant legislation, I hereby agree, declare and undertake that I have given my consent for being communicated by T\u0130M OTOMOT\u0130V DANI\u015eMANLIK ANON\u0130M \u015e\u0130RKET\u0130 (&#8220;Company&#8221;) for the purpose of communicating all kinds of information, promotion, satisfaction evaluation studies and announcements, using any means of communication (SMS, e-mail, telephone, fax, call center, etc.) via the information (name, surname and contact information) provided by myself to the Company; that I have been informed that my consent can be withdrawn and that accordingly I can use my right to reject the commercial electronic message from the same channel at any time.<\/p>\n","protected":false},"excerpt":{"rendered":"<p>In accordance with the Law No. 6563 on the Regulation of Electronic Commerce and the relevant legislation, I hereby agree, [&hellip;]<\/p>\n","protected":false},"author":1,"featured_media":0,"parent":0,"menu_order":0,"comment_status":"closed","ping_status":"closed","template":"","meta":{"inline_featured_image":false,"footnotes":""},"class_list":["post-8314","page","type-page","status-publish","hentry"],"_links":{"self":[{"href":"https:\/\/otobende.com\/en\/wp-json\/wp\/v2\/pages\/8314"}],"collection":[{"href":"https:\/\/otobende.com\/en\/wp-json\/wp\/v2\/pages"}],"about":[{"href":"https:\/\/otobende.com\/en\/wp-json\/wp\/v2\/types\/page"}],"author":[{"embeddable":true,"href":"https:\/\/otobende.com\/en\/wp-json\/wp\/v2\/users\/1"}],"replies":[{"embeddable":true,"href":"https:\/\/otobende.com\/en\/wp-json\/wp\/v2\/comments?post=8314"}],"version-history":[{"count":1,"href":"https:\/\/otobende.com\/en\/wp-json\/wp\/v2\/pages\/8314\/revisions"}],"predecessor-version":[{"id":8382,"href":"https:\/\/otobende.com\/en\/wp-json\/wp\/v2\/pages\/8314\/revisions\/8382"}],"wp:attachment":[{"href":"https:\/\/otobende.com\/en\/wp-json\/wp\/v2\/media?parent=8314"}],"curies":[{"name":"wp","href":"https:\/\/api.w.org\/{rel}","templated":true}]}}